{"id":880,"date":"2019-10-22T19:48:41","date_gmt":"2019-10-22T18:48:41","guid":{"rendered":"https:\/\/www.maghrebpharma.com\/contact-us\/"},"modified":"2026-04-15T11:25:42","modified_gmt":"2026-04-15T10:25:42","slug":"contact-us","status":"publish","type":"page","link":"https:\/\/www.maghrebpharma.com\/en\/plan-your-visit\/contact-us\/","title":{"rendered":"Contact us"},"content":{"rendered":"\t\t<div data-elementor-type=\"wp-post\" data-elementor-id=\"880\" class=\"elementor elementor-880 elementor-405\" data-elementor-post-type=\"page\">\n\t\t\t\t\t\t<section class=\"elementor-section elementor-top-section elementor-element elementor-element-16daf3d elementor-section-content-middle elementor-section-boxed elementor-section-height-default elementor-section-height-default\" data-id=\"16daf3d\" data-element_type=\"section\" data-settings=\"{&quot;background_background&quot;:&quot;classic&quot;}\">\n\t\t\t\t\t\t<div class=\"elementor-container elementor-column-gap-default\">\n\t\t\t\t\t<div class=\"elementor-column elementor-col-100 elementor-top-column elementor-element elementor-element-afd591a\" data-id=\"afd591a\" data-element_type=\"column\">\n\t\t\t<div class=\"elementor-widget-wrap elementor-element-populated\">\n\t\t\t\t\t\t<div class=\"elementor-element elementor-element-2161093 elementor-widget elementor-widget-heading\" data-id=\"2161093\" data-element_type=\"widget\" data-widget_type=\"heading.default\">\n\t\t\t\t<div class=\"elementor-widget-container\">\n\t\t\t\t\t<h1 class=\"elementor-heading-title elementor-size-default\"><font style=\"vertical-align: inherit\"><font style=\"vertical-align: inherit\"><font style=\"vertical-align: inherit\"><font style=\"vertical-align: inherit\">Contact us<\/font><\/font><\/font><\/font><font style=\"vertical-align: inherit\"><\/font><font style=\"vertical-align: inherit\"><font style=\"vertical-align: inherit\"><\/font><\/font><\/h1>\t\t\t\t<\/div>\n\t\t\t\t<\/div>\n\t\t\t\t\t<\/div>\n\t\t<\/div>\n\t\t\t\t\t<\/div>\n\t\t<\/section>\n\t\t\t\t<section class=\"elementor-section elementor-top-section elementor-element elementor-element-454437d5 elementor-section-stretched elementor-section-boxed elementor-section-height-default elementor-section-height-default\" data-id=\"454437d5\" data-element_type=\"section\" data-settings=\"{&quot;background_background&quot;:&quot;classic&quot;,&quot;stretch_section&quot;:&quot;section-stretched&quot;}\">\n\t\t\t\t\t\t<div class=\"elementor-container elementor-column-gap-extended\">\n\t\t\t\t\t<div class=\"elementor-column elementor-col-100 elementor-top-column elementor-element elementor-element-52e1904b\" data-id=\"52e1904b\" data-element_type=\"column\" data-settings=\"{&quot;background_background&quot;:&quot;classic&quot;}\">\n\t\t\t<div class=\"elementor-widget-wrap elementor-element-populated\">\n\t\t\t\t\t\t<div class=\"elementor-element elementor-element-42e4c59a elementor-widget__width-inherit elementor-widget elementor-widget-premium-addon-person\" data-id=\"42e4c59a\" data-element_type=\"widget\" data-settings=\"{&quot;persons_per_row&quot;:&quot;33.33%&quot;,&quot;persons_per_row_tablet&quot;:&quot;100%&quot;,&quot;persons_per_row_mobile&quot;:&quot;100%&quot;}\" data-widget_type=\"premium-addon-person.default\">\n\t\t\t\t<div class=\"elementor-widget-container\">\n\t\t\t\t\t\t\t<div class=\"premium-persons-container premium-person-style2 multiple-persons\" data-persons-equal=\"\">\r\n\t\t\t\t\t\t\t\t<div class=\"premium-person-container premium-person-none-effect\">\r\n\t\t\t\t\t\t<div class=\"premium-person-image-container\">\r\n\t\t\t\t\t\t<img fetchpriority=\"high\" decoding=\"async\" width=\"720\" height=\"720\" src=\"https:\/\/easyfairsassets.com\/sites\/206\/2025\/02\/WhatsApp-Image-2025-02-10-a-11.00.54_6d883fad11.jpg\" class=\"attachment-full size-full wp-image-59241\" alt=\"\" srcset=\"https:\/\/easyfairsassets.com\/sites\/206\/2025\/02\/WhatsApp-Image-2025-02-10-a-11.00.54_6d883fad11.jpg 720w, https:\/\/easyfairsassets.com\/sites\/206\/2025\/02\/WhatsApp-Image-2025-02-10-a-11.00.54_6d883fad11-300x300.jpg 300w, https:\/\/easyfairsassets.com\/sites\/206\/2025\/02\/WhatsApp-Image-2025-02-10-a-11.00.54_6d883fad11-150x150.jpg 150w\" sizes=\"(max-width: 720px) 100vw, 720px\" \/>\t\t\t\t\t\t\t\t\t\t\t\t\t\t\t<div class=\"premium-person-social\">\r\n\t\t\t\t\t\t\t\t\t<ul class=\"premium-person-social-list\"><\/ul>\t\t\t\t\t\t\t\t<\/div>\r\n\t\t\t\t\t\t\t\t\t\t\t\t\t<\/div>\r\n\t\t\t\t\t\t<div class=\"premium-person-info\">\r\n\t\t\t\t\t\t\t\t\t\t<div class=\"premium-person-info-container\">\r\n\t\t\t\t\t\t\t\t\t<h2 class=\"premium-person-name\">Feriel Bachiri<\/h2>\r\n\t\t\t\t\t\t\t\t\t\t\t<h4 class=\"premium-person-title\">\r\n\t\t\t\t\t\t\t<span>Head of events <\/span>\r\n\t\t\t\t\t\t<\/h4>\r\n\t\t\t\t\t\t\t\t\t\t\t<div class=\"premium-person-content\">\r\n\t\t\t\t\t\t\t<p>+213 (0) 550 85 30 33<br \/><a href=\"mailto:feriel.bachiri@easyfairs.com\">feriel.bachiri@easyfairs.com<\/a><\/p>\t\t\t\t\t\t<\/div>\r\n\t\t\t\t\t\t\t\t<\/div>\r\n\t\t\t\t\t\t\t\t\t<\/div>\r\n\t\t\t\t\t<\/div>\r\n\t\t\t\t\t\t\t\t\t\t<div class=\"premium-person-container premium-person-none-effect\">\r\n\t\t\t\t\t\t<div class=\"premium-person-image-container\">\r\n\t\t\t\t\t\t<img decoding=\"async\" width=\"1051\" height=\"1050\" src=\"https:\/\/easyfairsassets.com\/sites\/206\/2025\/02\/Olivier-Hicham-Allard-cropped1-1.jpg\" class=\"attachment-full size-full wp-image-59261\" alt=\"\" srcset=\"https:\/\/easyfairsassets.com\/sites\/206\/2025\/02\/Olivier-Hicham-Allard-cropped1-1.jpg 1051w, https:\/\/easyfairsassets.com\/sites\/206\/2025\/02\/Olivier-Hicham-Allard-cropped1-1-300x300.jpg 300w, https:\/\/easyfairsassets.com\/sites\/206\/2025\/02\/Olivier-Hicham-Allard-cropped1-1-1024x1024.jpg 1024w, https:\/\/easyfairsassets.com\/sites\/206\/2025\/02\/Olivier-Hicham-Allard-cropped1-1-150x150.jpg 150w, https:\/\/easyfairsassets.com\/sites\/206\/2025\/02\/Olivier-Hicham-Allard-cropped1-1-768x767.jpg 768w\" sizes=\"(max-width: 1051px) 100vw, 1051px\" \/>\t\t\t\t\t\t\t\t\t\t\t\t\t\t\t<div class=\"premium-person-social\">\r\n\t\t\t\t\t\t\t\t\t<ul class=\"premium-person-social-list\"><\/ul>\t\t\t\t\t\t\t\t<\/div>\r\n\t\t\t\t\t\t\t\t\t\t\t\t\t<\/div>\r\n\t\t\t\t\t\t<div class=\"premium-person-info\">\r\n\t\t\t\t\t\t\t\t\t\t<div class=\"premium-person-info-container\">\r\n\t\t\t\t\t\t\t\t\t<h2 class=\"premium-person-name\">O.H. ALLARD<\/h2>\r\n\t\t\t\t\t\t\t\t\t\t\t<h4 class=\"premium-person-title\">\r\n\t\t\t\t\t\t\t<span>Managing Director<\/span>\r\n\t\t\t\t\t\t<\/h4>\r\n\t\t\t\t\t\t\t\t\t\t\t<div class=\"premium-person-content\">\r\n\t\t\t\t\t\t\t<p>+213 (0) 23 06 75 99<br \/><a href=\"mailto:contact@maghrebpharma.com\">contact@maghrebpharma.com<\/a><\/p>\t\t\t\t\t\t<\/div>\r\n\t\t\t\t\t\t\t\t<\/div>\r\n\t\t\t\t\t\t\t\t\t<\/div>\r\n\t\t\t\t\t<\/div>\r\n\t\t\t\t\t\t\t\t\t\t<div class=\"premium-person-container premium-person-none-effect\">\r\n\t\t\t\t\t\t<div class=\"premium-person-image-container\">\r\n\t\t\t\t\t\t<img decoding=\"async\" width=\"1920\" height=\"1920\" src=\"https:\/\/easyfairsassets.com\/sites\/206\/2026\/03\/yanis.jpg\" class=\"attachment-full size-full wp-image-73553\" alt=\"\" srcset=\"https:\/\/easyfairsassets.com\/sites\/206\/2026\/03\/yanis.jpg 1920w, https:\/\/easyfairsassets.com\/sites\/206\/2026\/03\/yanis-300x300.jpg 300w, https:\/\/easyfairsassets.com\/sites\/206\/2026\/03\/yanis-1024x1024.jpg 1024w, https:\/\/easyfairsassets.com\/sites\/206\/2026\/03\/yanis-150x150.jpg 150w, https:\/\/easyfairsassets.com\/sites\/206\/2026\/03\/yanis-768x768.jpg 768w, https:\/\/easyfairsassets.com\/sites\/206\/2026\/03\/yanis-1536x1536.jpg 1536w\" sizes=\"(max-width: 1920px) 100vw, 1920px\" \/>\t\t\t\t\t\t\t\t\t\t\t\t\t\t\t<div class=\"premium-person-social\">\r\n\t\t\t\t\t\t\t\t\t<ul class=\"premium-person-social-list\"><\/ul>\t\t\t\t\t\t\t\t<\/div>\r\n\t\t\t\t\t\t\t\t\t\t\t\t\t<\/div>\r\n\t\t\t\t\t\t<div class=\"premium-person-info\">\r\n\t\t\t\t\t\t\t\t\t\t<div class=\"premium-person-info-container\">\r\n\t\t\t\t\t\t\t\t\t<h2 class=\"premium-person-name\">Yanis Djelloul<\/h2>\r\n\t\t\t\t\t\t\t\t\t\t\t<h4 class=\"premium-person-title\">\r\n\t\t\t\t\t\t\t<span>Sales Executive<\/span>\r\n\t\t\t\t\t\t<\/h4>\r\n\t\t\t\t\t\t\t\t\t\t\t<div class=\"premium-person-content\">\r\n\t\t\t\t\t\t\t<p>+213 (0) 23 06 75 99<br \/><a href=\"mailto:contact@maghrebpharma.com\">contact@maghrebpharma.com<\/a><\/p>\t\t\t\t\t\t<\/div>\r\n\t\t\t\t\t\t\t\t<\/div>\r\n\t\t\t\t\t\t\t\t\t<\/div>\r\n\t\t\t\t\t<\/div>\r\n\t\t\t\t\t\t\t<\/div>\r\n\t\t\t\t\t\t<\/div>\n\t\t\t\t<\/div>\n\t\t\t\t\t<\/div>\n\t\t<\/div>\n\t\t\t\t\t<\/div>\n\t\t<\/section>\n\t\t\t\t<\/div>\n\t\t","protected":false},"excerpt":{"rendered":"<p>Contact us Feriel Bachiri Head of events +213 (0) 550 85 30 33feriel.bachiri@easyfairs.com O.H. ALLARD Managing Director +213 (0) 23 06 75 99contact@maghrebpharma.com Yanis Djelloul Sales Executive +213 (0) 23 06 75 99contact@maghrebpharma.com<\/p>\n","protected":false},"author":85,"featured_media":0,"parent":878,"menu_order":900,"comment_status":"closed","ping_status":"closed","template":"","meta":{"_seopress_robots_primary_cat":"","_seopress_titles_title":"Contact a member of our team.","_seopress_titles_desc":"Int\u00e9ress\u00e9 \u00e0 en savoir plus? Notre \u00e9quipe est l\u00e0 pour vous aider.","_seopress_robots_index":"","footnotes":""},"class_list":["post-880","page","type-page","status-publish","hentry"],"_links":{"self":[{"href":"https:\/\/www.maghrebpharma.com\/en\/wp-json\/wp\/v2\/pages\/880","targetHints":{"allow":["GET"]}}],"collection":[{"href":"https:\/\/www.maghrebpharma.com\/en\/wp-json\/wp\/v2\/pages"}],"about":[{"href":"https:\/\/www.maghrebpharma.com\/en\/wp-json\/wp\/v2\/types\/page"}],"author":[{"embeddable":true,"href":"https:\/\/www.maghrebpharma.com\/en\/wp-json\/wp\/v2\/users\/85"}],"replies":[{"embeddable":true,"href":"https:\/\/www.maghrebpharma.com\/en\/wp-json\/wp\/v2\/comments?post=880"}],"version-history":[{"count":5,"href":"https:\/\/www.maghrebpharma.com\/en\/wp-json\/wp\/v2\/pages\/880\/revisions"}],"predecessor-version":[{"id":74664,"href":"https:\/\/www.maghrebpharma.com\/en\/wp-json\/wp\/v2\/pages\/880\/revisions\/74664"}],"up":[{"embeddable":true,"href":"https:\/\/www.maghrebpharma.com\/en\/wp-json\/wp\/v2\/pages\/878"}],"wp:attachment":[{"href":"https:\/\/www.maghrebpharma.com\/en\/wp-json\/wp\/v2\/media?parent=880"}],"curies":[{"name":"wp","href":"https:\/\/api.w.org\/{rel}","templated":true}]}}