{"id":25,"date":"2019-09-23T11:39:08","date_gmt":"2019-09-23T10:39:08","guid":{"rendered":"https:\/\/www.maghrebpharma.com\/?page_id=25"},"modified":"2021-05-17T16:09:34","modified_gmt":"2021-05-17T15:09:34","slug":"cookie-policy","status":"publish","type":"page","link":"https:\/\/www.maghrebpharma.com\/fr\/cookie-policy\/","title":{"rendered":"Cookie policy"},"content":{"rendered":"\t\t<div data-elementor-type=\"wp-post\" data-elementor-id=\"25\" class=\"elementor elementor-25\" data-elementor-post-type=\"page\">\n\t\t\t\t\t\t<section class=\"elementor-section elementor-top-section elementor-element elementor-element-10919803 elementor-section-boxed elementor-section-height-default elementor-section-height-default\" data-id=\"10919803\" data-element_type=\"section\" data-settings=\"{&quot;background_background&quot;:&quot;classic&quot;}\">\n\t\t\t\t\t\t\t<div class=\"elementor-background-overlay\"><\/div>\n\t\t\t\t\t\t\t<div class=\"elementor-container elementor-column-gap-default\">\n\t\t\t\t\t<div class=\"elementor-column elementor-col-100 elementor-top-column elementor-element elementor-element-50faeb66\" data-id=\"50faeb66\" data-element_type=\"column\" data-settings=\"{&quot;background_background&quot;:&quot;classic&quot;}\">\n\t\t\t<div class=\"elementor-widget-wrap elementor-element-populated\">\n\t\t\t\t\t\t<section class=\"elementor-section elementor-inner-section elementor-element elementor-element-1e6c1513 elementor-section-height-min-height elementor-section-content-top elementor-section-boxed elementor-section-height-default\" data-id=\"1e6c1513\" data-element_type=\"section\" data-settings=\"{&quot;background_background&quot;:&quot;classic&quot;}\">\n\t\t\t\t\t\t\t<div class=\"elementor-background-overlay\"><\/div>\n\t\t\t\t\t\t\t<div class=\"elementor-container elementor-column-gap-default\">\n\t\t\t\t\t<div class=\"elementor-column elementor-col-100 elementor-inner-column elementor-element elementor-element-33be412d\" data-id=\"33be412d\" data-element_type=\"column\" data-settings=\"{&quot;background_background&quot;:&quot;classic&quot;}\">\n\t\t\t<div class=\"elementor-widget-wrap elementor-element-populated\">\n\t\t\t\t\t<div class=\"elementor-background-overlay\"><\/div>\n\t\t\t\t\t\t<div class=\"elementor-element elementor-element-0f9674f elementor-widget elementor-widget-text-editor\" data-id=\"0f9674f\" data-element_type=\"widget\" data-widget_type=\"text-editor.default\">\n\t\t\t\t<div class=\"elementor-widget-container\">\n\t\t\t\t\t\t\t\t\t<h4>Ce site utilise des cookies<\/h4>\t\t\t\t\t\t\t\t<\/div>\n\t\t\t\t<\/div>\n\t\t\t\t<div class=\"elementor-element elementor-element-44a115fb elementor-widget elementor-widget-text-editor\" data-id=\"44a115fb\" data-element_type=\"widget\" data-widget_type=\"text-editor.default\">\n\t\t\t\t<div class=\"elementor-widget-container\">\n\t\t\t\t\t\t\t\t\t<p>Ce sont de petits fichiers texte plac\u00e9s sur votre ordinateur pour aider les sites internet \u00e0 offrir une meilleure exp\u00e9rience utilisateur. Les cookies sont utilis\u00e9s pour am\u00e9liorer votre exp\u00e9rience de navigation sur le site internet, tout en conservant vos pr\u00e9f\u00e9rences, en diffusant des publicit\u00e9s adapt\u00e9es et en fournissant des donn\u00e9es de suivi anonymes \u00e0 des applications tierces comme Google Analytics.<\/p><p>Pour plus d&rsquo;informations sur la mani\u00e8re dont nous collectons et utilisons les cookies, veuillez consulter notre <a href=\"https:\/\/www.easyfairs.com\/privacy-policy\/\">politique de confidentialit\u00e9.<\/a><\/p>\t\t\t\t\t\t\t\t<\/div>\n\t\t\t\t<\/div>\n\t\t\t\t<div class=\"elementor-element elementor-element-663e981 elementor-widget elementor-widget-text-editor\" data-id=\"663e981\" data-element_type=\"widget\" data-widget_type=\"text-editor.default\">\n\t\t\t\t<div class=\"elementor-widget-container\">\n\t\t\t\t\t\t\t\t\t<h4>Google Analytics<\/h4>\t\t\t\t\t\t\t\t<\/div>\n\t\t\t\t<\/div>\n\t\t\t\t<div class=\"elementor-element elementor-element-7e1cb511 elementor-widget elementor-widget-text-editor\" data-id=\"7e1cb511\" data-element_type=\"widget\" data-widget_type=\"text-editor.default\">\n\t\t\t\t<div class=\"elementor-widget-container\">\n\t\t\t\t\t\t\t\t\t<p>Ce site internet utilise Google Analytics, un service propos\u00e9 par Google Inc., dans l\u2019objectif d\u2019analyser les donn\u00e9es du site internet. Les informations g\u00e9n\u00e9r\u00e9es et provenant de Google Analytics concernent votre utilisation de ce site internet (y compris votre adresse IP), et seront transmises et stock\u00e9es sur un serveur aux Etats-Unis. Google utilisera ces donn\u00e9es seulement qu\u2019\u00e0 des fins d\u2019analyse de l\u2019utilisation du site internet, par exemple avec la cr\u00e9ation de graphiques sur le nombre de visites et le nombre de pages consult\u00e9es par les utilisateurs, etc \u2026 Nous utilisons des analyses pour nos propres recherches marketing, l&rsquo;optimisation de sites Web et la publicit\u00e9 de remarketing pour nous-m\u00eames et nos partenaires. Vous trouverez de plus amples informations sur les technologies employ\u00e9es par Google \u00e0 l\u2019adresse suivante <a href=\"https:\/\/marketingplatform.google.com\/about\/analytics\/\" target=\"_blank\" rel=\"noopener\">www.google.com\/analytics.<\/a><\/p>\t\t\t\t\t\t\t\t<\/div>\n\t\t\t\t<\/div>\n\t\t\t\t\t<\/div>\n\t\t<\/div>\n\t\t\t\t\t<\/div>\n\t\t<\/section>\n\t\t\t\t\t<\/div>\n\t\t<\/div>\n\t\t\t\t\t<\/div>\n\t\t<\/section>\n\t\t\t\t<\/div>\n\t\t","protected":false},"excerpt":{"rendered":"<p>Ce site utilise des cookies Ce sont de petits fichiers texte plac\u00e9s sur votre ordinateur pour aider les sites internet \u00e0 offrir une meilleure exp\u00e9rience utilisateur. Les cookies sont utilis\u00e9s pour am\u00e9liorer votre exp\u00e9rience de navigation sur le site internet, tout en conservant vos pr\u00e9f\u00e9rences, en diffusant des publicit\u00e9s adapt\u00e9es et en fournissant des donn\u00e9es [&hellip;]<\/p>\n","protected":false},"author":85,"featured_media":0,"parent":0,"menu_order":50,"comment_status":"closed","ping_status":"closed","template":"","meta":{"_seopress_robots_primary_cat":"","_seopress_titles_title":"","_seopress_titles_desc":"","_seopress_robots_index":"yes","footnotes":""},"class_list":["post-25","page","type-page","status-publish","hentry"],"_links":{"self":[{"href":"https:\/\/www.maghrebpharma.com\/fr\/wp-json\/wp\/v2\/pages\/25","targetHints":{"allow":["GET"]}}],"collection":[{"href":"https:\/\/www.maghrebpharma.com\/fr\/wp-json\/wp\/v2\/pages"}],"about":[{"href":"https:\/\/www.maghrebpharma.com\/fr\/wp-json\/wp\/v2\/types\/page"}],"author":[{"embeddable":true,"href":"https:\/\/www.maghrebpharma.com\/fr\/wp-json\/wp\/v2\/users\/85"}],"replies":[{"embeddable":true,"href":"https:\/\/www.maghrebpharma.com\/fr\/wp-json\/wp\/v2\/comments?post=25"}],"version-history":[{"count":0,"href":"https:\/\/www.maghrebpharma.com\/fr\/wp-json\/wp\/v2\/pages\/25\/revisions"}],"wp:attachment":[{"href":"https:\/\/www.maghrebpharma.com\/fr\/wp-json\/wp\/v2\/media?parent=25"}],"curies":[{"name":"wp","href":"https:\/\/api.w.org\/{rel}","templated":true}]}}