{"id":515,"date":"2019-12-03T10:36:34","date_gmt":"2019-12-03T09:36:34","guid":{"rendered":"https:\/\/www.maghrebpharma.com\/?page_id=515"},"modified":"2026-04-15T16:12:55","modified_gmt":"2026-04-15T15:12:55","slug":"whats-on","status":"publish","type":"page","link":"https:\/\/www.maghrebpharma.com\/fr\/visiter\/whats-on\/","title":{"rendered":"Industry News"},"content":{"rendered":"\t\t<div data-elementor-type=\"wp-page\" data-elementor-id=\"515\" class=\"elementor elementor-515\" data-elementor-post-type=\"page\">\n\t\t\t\t\t\t<section class=\"elementor-section elementor-top-section elementor-element elementor-element-50de75d2 elementor-section-height-min-height elementor-section-content-middle elementor-section-boxed elementor-section-height-default elementor-section-items-middle\" data-id=\"50de75d2\" data-element_type=\"section\" data-settings=\"{&quot;background_background&quot;:&quot;classic&quot;}\">\n\t\t\t\t\t\t<div class=\"elementor-container elementor-column-gap-wider\">\n\t\t\t\t\t<div class=\"elementor-column elementor-col-100 elementor-top-column elementor-element elementor-element-6db33ae9\" data-id=\"6db33ae9\" data-element_type=\"column\">\n\t\t\t<div class=\"elementor-widget-wrap elementor-element-populated\">\n\t\t\t\t\t\t<div class=\"elementor-element elementor-element-1994ea7d elementor-widget elementor-widget-heading\" data-id=\"1994ea7d\" data-element_type=\"widget\" data-widget_type=\"heading.default\">\n\t\t\t\t<div class=\"elementor-widget-container\">\n\t\t\t\t\t<h1 class=\"elementor-heading-title elementor-size-default\">Industry News<\/h1>\t\t\t\t<\/div>\n\t\t\t\t<\/div>\n\t\t\t\t\t<\/div>\n\t\t<\/div>\n\t\t\t\t\t<\/div>\n\t\t<\/section>\n\t\t\t\t<section class=\"elementor-section elementor-top-section elementor-element elementor-element-616bf7aa elementor-section-stretched elementor-section-boxed elementor-section-height-default elementor-section-height-default\" data-id=\"616bf7aa\" data-element_type=\"section\" data-settings=\"{&quot;background_background&quot;:&quot;classic&quot;,&quot;stretch_section&quot;:&quot;section-stretched&quot;}\">\n\t\t\t\t\t\t<div class=\"elementor-container elementor-column-gap-default\">\n\t\t\t\t\t<div class=\"elementor-column elementor-col-100 elementor-top-column elementor-element elementor-element-75b33e6a\" data-id=\"75b33e6a\" data-element_type=\"column\">\n\t\t\t<div class=\"elementor-widget-wrap elementor-element-populated\">\n\t\t\t\t\t\t<div class=\"elementor-element elementor-element-7cc159d4 elementor-grid-4 elementor-grid-tablet-2 elementor-grid-mobile-1 elementor-posts--thumbnail-top elementor-posts--show-avatar elementor-card-shadow-yes elementor-posts__hover-gradient elementor-widget elementor-widget-posts\" data-id=\"7cc159d4\" data-element_type=\"widget\" data-settings=\"{&quot;cards_columns&quot;:&quot;4&quot;,&quot;cards_masonry&quot;:&quot;yes&quot;,&quot;cards_columns_tablet&quot;:&quot;2&quot;,&quot;cards_columns_mobile&quot;:&quot;1&quot;,&quot;cards_row_gap&quot;:{&quot;unit&quot;:&quot;px&quot;,&quot;size&quot;:35,&quot;sizes&quot;:[]},&quot;cards_row_gap_tablet&quot;:{&quot;unit&quot;:&quot;px&quot;,&quot;size&quot;:&quot;&quot;,&quot;sizes&quot;:[]},&quot;cards_row_gap_mobile&quot;:{&quot;unit&quot;:&quot;px&quot;,&quot;size&quot;:&quot;&quot;,&quot;sizes&quot;:[]}}\" data-widget_type=\"posts.cards\">\n\t\t\t\t<div class=\"elementor-widget-container\">\n\t\t\t\t\t\t\t<div class=\"elementor-posts-container elementor-posts elementor-posts--skin-cards elementor-grid\" role=\"list\">\n\t\t\t\t<article class=\"elementor-post elementor-grid-item post-72855 post type-post status-publish format-standard has-post-thumbnail hentry category-product-highlight\" role=\"listitem\">\n\t\t\t<div class=\"elementor-post__card\">\n\t\t\t\t<a class=\"elementor-post__thumbnail__link\" href=\"https:\/\/www.maghrebpharma.com\/fr\/2026\/02\/22\/x-filler-rota-machine\/\" tabindex=\"-1\" ><div class=\"elementor-post__thumbnail\"><img fetchpriority=\"high\" decoding=\"async\" width=\"300\" height=\"169\" src=\"https:\/\/easyfairsassets.com\/sites\/206\/2026\/02\/X-Filler-ROTA-Machine-300x169.png\" class=\"attachment-medium size-medium wp-image-72697\" alt=\"\" srcset=\"https:\/\/easyfairsassets.com\/sites\/206\/2026\/02\/X-Filler-ROTA-Machine-300x169.png 300w, https:\/\/easyfairsassets.com\/sites\/206\/2026\/02\/X-Filler-ROTA-Machine-1024x576.png 1024w, https:\/\/easyfairsassets.com\/sites\/206\/2026\/02\/X-Filler-ROTA-Machine-768x432.png 768w, https:\/\/easyfairsassets.com\/sites\/206\/2026\/02\/X-Filler-ROTA-Machine.png 1077w\" sizes=\"(max-width: 300px) 100vw, 300px\" \/><\/div><\/a>\n\t\t\t\t<div class=\"elementor-post__badge\">Product highlight<\/div>\n\t\t\t\t<div class=\"elementor-post__avatar\">\n\t\t\t<img alt='Massil Hallalel' src='https:\/\/secure.gravatar.com\/avatar\/c9c80409d07936a6c37fc5c3457ebc799646ec7e8dc8299e570c22c05fe4fe64?s=128&#038;d=mm&#038;r=g' srcset='https:\/\/secure.gravatar.com\/avatar\/c9c80409d07936a6c37fc5c3457ebc799646ec7e8dc8299e570c22c05fe4fe64?s=256&#038;d=mm&#038;r=g 2x' class='avatar avatar-128 photo' height='128' width='128' \/>\t\t<\/div>\n\t\t\t\t<div class=\"elementor-post__text\">\n\t\t\t\t<h3 class=\"elementor-post__title\">\n\t\t\t<a href=\"https:\/\/www.maghrebpharma.com\/fr\/2026\/02\/22\/x-filler-rota-machine\/\" >\n\t\t\t\tX-Filler ROTA Machine\t\t\t<\/a>\n\t\t<\/h3>\n\t\t\t\t<div class=\"elementor-post__excerpt\">\n\t\t\t\t\t<\/div>\n\t\t\n\t\t<a class=\"elementor-post__read-more\" href=\"https:\/\/www.maghrebpharma.com\/fr\/2026\/02\/22\/x-filler-rota-machine\/\" aria-label=\"Read more about X-Filler ROTA Machine\" tabindex=\"-1\" >\n\t\t\tRead More \u00bb\t\t<\/a>\n\n\t\t\t\t<\/div>\n\t\t\t\t\t<\/div>\n\t\t<\/article>\n\t\t\t\t<article class=\"elementor-post elementor-grid-item post-72851 post type-post status-publish format-standard has-post-thumbnail hentry category-product-highlight\" role=\"listitem\">\n\t\t\t<div class=\"elementor-post__card\">\n\t\t\t\t<a class=\"elementor-post__thumbnail__link\" href=\"https:\/\/www.maghrebpharma.com\/fr\/2026\/02\/22\/viva-women-probiotics\/\" tabindex=\"-1\" ><div class=\"elementor-post__thumbnail\"><img decoding=\"async\" width=\"300\" height=\"169\" src=\"https:\/\/easyfairsassets.com\/sites\/206\/2026\/02\/Viva-Women-Probiotics-300x169.png\" class=\"attachment-medium size-medium wp-image-72695\" alt=\"\" srcset=\"https:\/\/easyfairsassets.com\/sites\/206\/2026\/02\/Viva-Women-Probiotics-300x169.png 300w, https:\/\/easyfairsassets.com\/sites\/206\/2026\/02\/Viva-Women-Probiotics-1024x576.png 1024w, https:\/\/easyfairsassets.com\/sites\/206\/2026\/02\/Viva-Women-Probiotics-768x432.png 768w, https:\/\/easyfairsassets.com\/sites\/206\/2026\/02\/Viva-Women-Probiotics-1536x864.png 1536w, https:\/\/easyfairsassets.com\/sites\/206\/2026\/02\/Viva-Women-Probiotics.png 1920w\" sizes=\"(max-width: 300px) 100vw, 300px\" \/><\/div><\/a>\n\t\t\t\t<div class=\"elementor-post__badge\">Product highlight<\/div>\n\t\t\t\t<div class=\"elementor-post__avatar\">\n\t\t\t<img alt='Massil Hallalel' src='https:\/\/secure.gravatar.com\/avatar\/c9c80409d07936a6c37fc5c3457ebc799646ec7e8dc8299e570c22c05fe4fe64?s=128&#038;d=mm&#038;r=g' srcset='https:\/\/secure.gravatar.com\/avatar\/c9c80409d07936a6c37fc5c3457ebc799646ec7e8dc8299e570c22c05fe4fe64?s=256&#038;d=mm&#038;r=g 2x' class='avatar avatar-128 photo' height='128' width='128' \/>\t\t<\/div>\n\t\t\t\t<div class=\"elementor-post__text\">\n\t\t\t\t<h3 class=\"elementor-post__title\">\n\t\t\t<a href=\"https:\/\/www.maghrebpharma.com\/fr\/2026\/02\/22\/viva-women-probiotics\/\" >\n\t\t\t\tViva Women Probiotics\t\t\t<\/a>\n\t\t<\/h3>\n\t\t\t\t<div class=\"elementor-post__excerpt\">\n\t\t\t\t\t<\/div>\n\t\t\n\t\t<a class=\"elementor-post__read-more\" href=\"https:\/\/www.maghrebpharma.com\/fr\/2026\/02\/22\/viva-women-probiotics\/\" aria-label=\"Read more about Viva Women Probiotics\" tabindex=\"-1\" >\n\t\t\tRead More \u00bb\t\t<\/a>\n\n\t\t\t\t<\/div>\n\t\t\t\t\t<\/div>\n\t\t<\/article>\n\t\t\t\t<article class=\"elementor-post elementor-grid-item post-72847 post type-post status-publish format-standard has-post-thumbnail hentry category-product-highlight\" role=\"listitem\">\n\t\t\t<div class=\"elementor-post__card\">\n\t\t\t\t<a class=\"elementor-post__thumbnail__link\" href=\"https:\/\/www.maghrebpharma.com\/fr\/2026\/02\/22\/viva-vitamin-d-drop\/\" tabindex=\"-1\" ><div class=\"elementor-post__thumbnail\"><img decoding=\"async\" width=\"300\" height=\"169\" src=\"https:\/\/easyfairsassets.com\/sites\/206\/2026\/02\/Viva-Vitamin-D-Drop-300x169.png\" class=\"attachment-medium size-medium wp-image-72693\" alt=\"\" srcset=\"https:\/\/easyfairsassets.com\/sites\/206\/2026\/02\/Viva-Vitamin-D-Drop-300x169.png 300w, https:\/\/easyfairsassets.com\/sites\/206\/2026\/02\/Viva-Vitamin-D-Drop-1024x576.png 1024w, https:\/\/easyfairsassets.com\/sites\/206\/2026\/02\/Viva-Vitamin-D-Drop-768x432.png 768w, https:\/\/easyfairsassets.com\/sites\/206\/2026\/02\/Viva-Vitamin-D-Drop-1536x864.png 1536w, https:\/\/easyfairsassets.com\/sites\/206\/2026\/02\/Viva-Vitamin-D-Drop.png 1920w\" sizes=\"(max-width: 300px) 100vw, 300px\" \/><\/div><\/a>\n\t\t\t\t<div class=\"elementor-post__badge\">Product highlight<\/div>\n\t\t\t\t<div class=\"elementor-post__avatar\">\n\t\t\t<img alt='Massil Hallalel' src='https:\/\/secure.gravatar.com\/avatar\/c9c80409d07936a6c37fc5c3457ebc799646ec7e8dc8299e570c22c05fe4fe64?s=128&#038;d=mm&#038;r=g' srcset='https:\/\/secure.gravatar.com\/avatar\/c9c80409d07936a6c37fc5c3457ebc799646ec7e8dc8299e570c22c05fe4fe64?s=256&#038;d=mm&#038;r=g 2x' class='avatar avatar-128 photo' height='128' width='128' \/>\t\t<\/div>\n\t\t\t\t<div class=\"elementor-post__text\">\n\t\t\t\t<h3 class=\"elementor-post__title\">\n\t\t\t<a href=\"https:\/\/www.maghrebpharma.com\/fr\/2026\/02\/22\/viva-vitamin-d-drop\/\" >\n\t\t\t\tViva Vitamin D Drop\t\t\t<\/a>\n\t\t<\/h3>\n\t\t\t\t<div class=\"elementor-post__excerpt\">\n\t\t\t\t\t<\/div>\n\t\t\n\t\t<a class=\"elementor-post__read-more\" href=\"https:\/\/www.maghrebpharma.com\/fr\/2026\/02\/22\/viva-vitamin-d-drop\/\" aria-label=\"Read more about Viva Vitamin D Drop\" tabindex=\"-1\" >\n\t\t\tRead More \u00bb\t\t<\/a>\n\n\t\t\t\t<\/div>\n\t\t\t\t\t<\/div>\n\t\t<\/article>\n\t\t\t\t<article class=\"elementor-post elementor-grid-item post-72843 post type-post status-publish format-standard has-post-thumbnail hentry category-product-highlight\" role=\"listitem\">\n\t\t\t<div class=\"elementor-post__card\">\n\t\t\t\t<a class=\"elementor-post__thumbnail__link\" href=\"https:\/\/www.maghrebpharma.com\/fr\/2026\/02\/22\/viva-multi-vitamin-gummy\/\" tabindex=\"-1\" ><div class=\"elementor-post__thumbnail\"><img loading=\"lazy\" decoding=\"async\" width=\"300\" height=\"169\" src=\"https:\/\/easyfairsassets.com\/sites\/206\/2026\/02\/Viva-Multi-Vitamin-Gummy-300x169.png\" class=\"attachment-medium size-medium wp-image-72691\" alt=\"\" srcset=\"https:\/\/easyfairsassets.com\/sites\/206\/2026\/02\/Viva-Multi-Vitamin-Gummy-300x169.png 300w, https:\/\/easyfairsassets.com\/sites\/206\/2026\/02\/Viva-Multi-Vitamin-Gummy-1024x576.png 1024w, https:\/\/easyfairsassets.com\/sites\/206\/2026\/02\/Viva-Multi-Vitamin-Gummy-768x432.png 768w, https:\/\/easyfairsassets.com\/sites\/206\/2026\/02\/Viva-Multi-Vitamin-Gummy-1536x864.png 1536w, https:\/\/easyfairsassets.com\/sites\/206\/2026\/02\/Viva-Multi-Vitamin-Gummy.png 1920w\" sizes=\"(max-width: 300px) 100vw, 300px\" \/><\/div><\/a>\n\t\t\t\t<div class=\"elementor-post__badge\">Product highlight<\/div>\n\t\t\t\t<div class=\"elementor-post__avatar\">\n\t\t\t<img alt='Massil Hallalel' src='https:\/\/secure.gravatar.com\/avatar\/c9c80409d07936a6c37fc5c3457ebc799646ec7e8dc8299e570c22c05fe4fe64?s=128&#038;d=mm&#038;r=g' srcset='https:\/\/secure.gravatar.com\/avatar\/c9c80409d07936a6c37fc5c3457ebc799646ec7e8dc8299e570c22c05fe4fe64?s=256&#038;d=mm&#038;r=g 2x' class='avatar avatar-128 photo' height='128' width='128' \/>\t\t<\/div>\n\t\t\t\t<div class=\"elementor-post__text\">\n\t\t\t\t<h3 class=\"elementor-post__title\">\n\t\t\t<a href=\"https:\/\/www.maghrebpharma.com\/fr\/2026\/02\/22\/viva-multi-vitamin-gummy\/\" >\n\t\t\t\tViva Multi-Vitamin Gummy\t\t\t<\/a>\n\t\t<\/h3>\n\t\t\t\t<div class=\"elementor-post__excerpt\">\n\t\t\t\t\t<\/div>\n\t\t\n\t\t<a class=\"elementor-post__read-more\" href=\"https:\/\/www.maghrebpharma.com\/fr\/2026\/02\/22\/viva-multi-vitamin-gummy\/\" aria-label=\"Read more about Viva Multi-Vitamin Gummy\" tabindex=\"-1\" >\n\t\t\tRead More \u00bb\t\t<\/a>\n\n\t\t\t\t<\/div>\n\t\t\t\t\t<\/div>\n\t\t<\/article>\n\t\t\t\t<article class=\"elementor-post elementor-grid-item post-72839 post type-post status-publish format-standard has-post-thumbnail hentry category-product-highlight\" role=\"listitem\">\n\t\t\t<div class=\"elementor-post__card\">\n\t\t\t\t<a class=\"elementor-post__thumbnail__link\" href=\"https:\/\/www.maghrebpharma.com\/fr\/2026\/02\/22\/viva-lutein-gummies\/\" tabindex=\"-1\" ><div class=\"elementor-post__thumbnail\"><img loading=\"lazy\" decoding=\"async\" width=\"300\" height=\"169\" src=\"https:\/\/easyfairsassets.com\/sites\/206\/2026\/02\/Viva-Lutein-Gummies-300x169.png\" class=\"attachment-medium size-medium wp-image-72689\" alt=\"\" srcset=\"https:\/\/easyfairsassets.com\/sites\/206\/2026\/02\/Viva-Lutein-Gummies-300x169.png 300w, https:\/\/easyfairsassets.com\/sites\/206\/2026\/02\/Viva-Lutein-Gummies-1024x576.png 1024w, https:\/\/easyfairsassets.com\/sites\/206\/2026\/02\/Viva-Lutein-Gummies-768x432.png 768w, https:\/\/easyfairsassets.com\/sites\/206\/2026\/02\/Viva-Lutein-Gummies-1536x864.png 1536w, https:\/\/easyfairsassets.com\/sites\/206\/2026\/02\/Viva-Lutein-Gummies.png 1920w\" sizes=\"(max-width: 300px) 100vw, 300px\" \/><\/div><\/a>\n\t\t\t\t<div class=\"elementor-post__badge\">Product highlight<\/div>\n\t\t\t\t<div class=\"elementor-post__avatar\">\n\t\t\t<img alt='Massil Hallalel' src='https:\/\/secure.gravatar.com\/avatar\/c9c80409d07936a6c37fc5c3457ebc799646ec7e8dc8299e570c22c05fe4fe64?s=128&#038;d=mm&#038;r=g' srcset='https:\/\/secure.gravatar.com\/avatar\/c9c80409d07936a6c37fc5c3457ebc799646ec7e8dc8299e570c22c05fe4fe64?s=256&#038;d=mm&#038;r=g 2x' class='avatar avatar-128 photo' height='128' width='128' \/>\t\t<\/div>\n\t\t\t\t<div class=\"elementor-post__text\">\n\t\t\t\t<h3 class=\"elementor-post__title\">\n\t\t\t<a href=\"https:\/\/www.maghrebpharma.com\/fr\/2026\/02\/22\/viva-lutein-gummies\/\" >\n\t\t\t\tViva Lutein Gummies\t\t\t<\/a>\n\t\t<\/h3>\n\t\t\t\t<div class=\"elementor-post__excerpt\">\n\t\t\t\t\t<\/div>\n\t\t\n\t\t<a class=\"elementor-post__read-more\" href=\"https:\/\/www.maghrebpharma.com\/fr\/2026\/02\/22\/viva-lutein-gummies\/\" aria-label=\"Read more about Viva Lutein Gummies\" tabindex=\"-1\" >\n\t\t\tRead More \u00bb\t\t<\/a>\n\n\t\t\t\t<\/div>\n\t\t\t\t\t<\/div>\n\t\t<\/article>\n\t\t\t\t<article class=\"elementor-post elementor-grid-item post-72835 post type-post status-publish format-standard has-post-thumbnail hentry category-product-highlight\" role=\"listitem\">\n\t\t\t<div class=\"elementor-post__card\">\n\t\t\t\t<a class=\"elementor-post__thumbnail__link\" href=\"https:\/\/www.maghrebpharma.com\/fr\/2026\/02\/22\/viva-k2-d3\/\" tabindex=\"-1\" ><div class=\"elementor-post__thumbnail\"><img loading=\"lazy\" decoding=\"async\" width=\"300\" height=\"169\" src=\"https:\/\/easyfairsassets.com\/sites\/206\/2026\/02\/Viva-K2-D3-300x169.png\" class=\"attachment-medium size-medium wp-image-72687\" alt=\"\" srcset=\"https:\/\/easyfairsassets.com\/sites\/206\/2026\/02\/Viva-K2-D3-300x169.png 300w, https:\/\/easyfairsassets.com\/sites\/206\/2026\/02\/Viva-K2-D3-1024x576.png 1024w, https:\/\/easyfairsassets.com\/sites\/206\/2026\/02\/Viva-K2-D3-768x432.png 768w, https:\/\/easyfairsassets.com\/sites\/206\/2026\/02\/Viva-K2-D3-1536x864.png 1536w, https:\/\/easyfairsassets.com\/sites\/206\/2026\/02\/Viva-K2-D3.png 1920w\" sizes=\"(max-width: 300px) 100vw, 300px\" \/><\/div><\/a>\n\t\t\t\t<div class=\"elementor-post__badge\">Product highlight<\/div>\n\t\t\t\t<div class=\"elementor-post__avatar\">\n\t\t\t<img alt='Massil Hallalel' src='https:\/\/secure.gravatar.com\/avatar\/c9c80409d07936a6c37fc5c3457ebc799646ec7e8dc8299e570c22c05fe4fe64?s=128&#038;d=mm&#038;r=g' srcset='https:\/\/secure.gravatar.com\/avatar\/c9c80409d07936a6c37fc5c3457ebc799646ec7e8dc8299e570c22c05fe4fe64?s=256&#038;d=mm&#038;r=g 2x' class='avatar avatar-128 photo' height='128' width='128' \/>\t\t<\/div>\n\t\t\t\t<div class=\"elementor-post__text\">\n\t\t\t\t<h3 class=\"elementor-post__title\">\n\t\t\t<a href=\"https:\/\/www.maghrebpharma.com\/fr\/2026\/02\/22\/viva-k2-d3\/\" >\n\t\t\t\tViva K2 + D3\t\t\t<\/a>\n\t\t<\/h3>\n\t\t\t\t<div class=\"elementor-post__excerpt\">\n\t\t\t\t\t<\/div>\n\t\t\n\t\t<a class=\"elementor-post__read-more\" href=\"https:\/\/www.maghrebpharma.com\/fr\/2026\/02\/22\/viva-k2-d3\/\" aria-label=\"Read more about Viva K2 + D3\" tabindex=\"-1\" >\n\t\t\tRead More \u00bb\t\t<\/a>\n\n\t\t\t\t<\/div>\n\t\t\t\t\t<\/div>\n\t\t<\/article>\n\t\t\t\t<article class=\"elementor-post elementor-grid-item post-72831 post type-post status-publish format-standard has-post-thumbnail hentry category-product-highlight\" role=\"listitem\">\n\t\t\t<div class=\"elementor-post__card\">\n\t\t\t\t<a class=\"elementor-post__thumbnail__link\" href=\"https:\/\/www.maghrebpharma.com\/fr\/2026\/02\/22\/viscosimetre\/\" tabindex=\"-1\" ><div class=\"elementor-post__thumbnail\"><img loading=\"lazy\" decoding=\"async\" width=\"300\" height=\"169\" src=\"https:\/\/easyfairsassets.com\/sites\/206\/2026\/02\/VISCOSIMETRE-300x169.jpg\" class=\"attachment-medium size-medium wp-image-72685\" alt=\"\" srcset=\"https:\/\/easyfairsassets.com\/sites\/206\/2026\/02\/VISCOSIMETRE-300x169.jpg 300w, https:\/\/easyfairsassets.com\/sites\/206\/2026\/02\/VISCOSIMETRE-1024x575.jpg 1024w, https:\/\/easyfairsassets.com\/sites\/206\/2026\/02\/VISCOSIMETRE-768x432.jpg 768w, https:\/\/easyfairsassets.com\/sites\/206\/2026\/02\/VISCOSIMETRE-1536x863.jpg 1536w, https:\/\/easyfairsassets.com\/sites\/206\/2026\/02\/VISCOSIMETRE.jpg 1920w\" sizes=\"(max-width: 300px) 100vw, 300px\" \/><\/div><\/a>\n\t\t\t\t<div class=\"elementor-post__badge\">Product highlight<\/div>\n\t\t\t\t<div class=\"elementor-post__avatar\">\n\t\t\t<img alt='Massil Hallalel' src='https:\/\/secure.gravatar.com\/avatar\/c9c80409d07936a6c37fc5c3457ebc799646ec7e8dc8299e570c22c05fe4fe64?s=128&#038;d=mm&#038;r=g' srcset='https:\/\/secure.gravatar.com\/avatar\/c9c80409d07936a6c37fc5c3457ebc799646ec7e8dc8299e570c22c05fe4fe64?s=256&#038;d=mm&#038;r=g 2x' class='avatar avatar-128 photo' height='128' width='128' \/>\t\t<\/div>\n\t\t\t\t<div class=\"elementor-post__text\">\n\t\t\t\t<h3 class=\"elementor-post__title\">\n\t\t\t<a href=\"https:\/\/www.maghrebpharma.com\/fr\/2026\/02\/22\/viscosimetre\/\" >\n\t\t\t\tVISCOSIM\u00c8TRE\t\t\t<\/a>\n\t\t<\/h3>\n\t\t\t\t<div class=\"elementor-post__excerpt\">\n\t\t\t\t\t<\/div>\n\t\t\n\t\t<a class=\"elementor-post__read-more\" href=\"https:\/\/www.maghrebpharma.com\/fr\/2026\/02\/22\/viscosimetre\/\" aria-label=\"Read more about VISCOSIM\u00c8TRE\" tabindex=\"-1\" >\n\t\t\tRead More \u00bb\t\t<\/a>\n\n\t\t\t\t<\/div>\n\t\t\t\t\t<\/div>\n\t\t<\/article>\n\t\t\t\t<article class=\"elementor-post elementor-grid-item post-72827 post type-post status-publish format-standard has-post-thumbnail hentry category-product-highlight\" role=\"listitem\">\n\t\t\t<div class=\"elementor-post__card\">\n\t\t\t\t<a class=\"elementor-post__thumbnail__link\" href=\"https:\/\/www.maghrebpharma.com\/fr\/2026\/02\/22\/unidose-liquide-et-poudre\/\" tabindex=\"-1\" ><div class=\"elementor-post__thumbnail\"><img loading=\"lazy\" decoding=\"async\" width=\"300\" height=\"169\" src=\"https:\/\/easyfairsassets.com\/sites\/206\/2026\/02\/Unidose-liquide-et-poudre-300x169.jpg\" class=\"attachment-medium size-medium wp-image-72683\" alt=\"\" srcset=\"https:\/\/easyfairsassets.com\/sites\/206\/2026\/02\/Unidose-liquide-et-poudre-300x169.jpg 300w, https:\/\/easyfairsassets.com\/sites\/206\/2026\/02\/Unidose-liquide-et-poudre-1024x576.jpg 1024w, https:\/\/easyfairsassets.com\/sites\/206\/2026\/02\/Unidose-liquide-et-poudre-768x432.jpg 768w, https:\/\/easyfairsassets.com\/sites\/206\/2026\/02\/Unidose-liquide-et-poudre.jpg 1245w\" sizes=\"(max-width: 300px) 100vw, 300px\" \/><\/div><\/a>\n\t\t\t\t<div class=\"elementor-post__badge\">Product highlight<\/div>\n\t\t\t\t<div class=\"elementor-post__avatar\">\n\t\t\t<img alt='Massil Hallalel' src='https:\/\/secure.gravatar.com\/avatar\/c9c80409d07936a6c37fc5c3457ebc799646ec7e8dc8299e570c22c05fe4fe64?s=128&#038;d=mm&#038;r=g' srcset='https:\/\/secure.gravatar.com\/avatar\/c9c80409d07936a6c37fc5c3457ebc799646ec7e8dc8299e570c22c05fe4fe64?s=256&#038;d=mm&#038;r=g 2x' class='avatar avatar-128 photo' height='128' width='128' \/>\t\t<\/div>\n\t\t\t\t<div class=\"elementor-post__text\">\n\t\t\t\t<h3 class=\"elementor-post__title\">\n\t\t\t<a href=\"https:\/\/www.maghrebpharma.com\/fr\/2026\/02\/22\/unidose-liquide-et-poudre\/\" >\n\t\t\t\tUnidose liquide et poudre\t\t\t<\/a>\n\t\t<\/h3>\n\t\t\t\t<div class=\"elementor-post__excerpt\">\n\t\t\t\t\t<\/div>\n\t\t\n\t\t<a class=\"elementor-post__read-more\" href=\"https:\/\/www.maghrebpharma.com\/fr\/2026\/02\/22\/unidose-liquide-et-poudre\/\" aria-label=\"Read more about Unidose liquide et poudre\" tabindex=\"-1\" >\n\t\t\tRead More \u00bb\t\t<\/a>\n\n\t\t\t\t<\/div>\n\t\t\t\t\t<\/div>\n\t\t<\/article>\n\t\t\t\t<article class=\"elementor-post elementor-grid-item post-72823 post type-post status-publish format-standard has-post-thumbnail hentry category-product-highlight\" role=\"listitem\">\n\t\t\t<div class=\"elementor-post__card\">\n\t\t\t\t<a class=\"elementor-post__thumbnail__link\" href=\"https:\/\/www.maghrebpharma.com\/fr\/2026\/02\/22\/ultra-3000\/\" tabindex=\"-1\" ><div class=\"elementor-post__thumbnail\"><img loading=\"lazy\" decoding=\"async\" width=\"300\" height=\"169\" src=\"https:\/\/easyfairsassets.com\/sites\/206\/2026\/02\/Ultra-3000-300x169.png\" class=\"attachment-medium size-medium wp-image-72681\" alt=\"\" srcset=\"https:\/\/easyfairsassets.com\/sites\/206\/2026\/02\/Ultra-3000-300x169.png 300w, https:\/\/easyfairsassets.com\/sites\/206\/2026\/02\/Ultra-3000-1024x576.png 1024w, https:\/\/easyfairsassets.com\/sites\/206\/2026\/02\/Ultra-3000-768x432.png 768w, https:\/\/easyfairsassets.com\/sites\/206\/2026\/02\/Ultra-3000.png 1148w\" sizes=\"(max-width: 300px) 100vw, 300px\" \/><\/div><\/a>\n\t\t\t\t<div class=\"elementor-post__badge\">Product highlight<\/div>\n\t\t\t\t<div class=\"elementor-post__avatar\">\n\t\t\t<img alt='Massil Hallalel' src='https:\/\/secure.gravatar.com\/avatar\/c9c80409d07936a6c37fc5c3457ebc799646ec7e8dc8299e570c22c05fe4fe64?s=128&#038;d=mm&#038;r=g' srcset='https:\/\/secure.gravatar.com\/avatar\/c9c80409d07936a6c37fc5c3457ebc799646ec7e8dc8299e570c22c05fe4fe64?s=256&#038;d=mm&#038;r=g 2x' class='avatar avatar-128 photo' height='128' width='128' \/>\t\t<\/div>\n\t\t\t\t<div class=\"elementor-post__text\">\n\t\t\t\t<h3 class=\"elementor-post__title\">\n\t\t\t<a href=\"https:\/\/www.maghrebpharma.com\/fr\/2026\/02\/22\/ultra-3000\/\" >\n\t\t\t\tUltra-3000\t\t\t<\/a>\n\t\t<\/h3>\n\t\t\t\t<div class=\"elementor-post__excerpt\">\n\t\t\t\t\t<\/div>\n\t\t\n\t\t<a class=\"elementor-post__read-more\" href=\"https:\/\/www.maghrebpharma.com\/fr\/2026\/02\/22\/ultra-3000\/\" aria-label=\"Read more about Ultra-3000\" tabindex=\"-1\" >\n\t\t\tRead More \u00bb\t\t<\/a>\n\n\t\t\t\t<\/div>\n\t\t\t\t\t<\/div>\n\t\t<\/article>\n\t\t\t\t<article class=\"elementor-post elementor-grid-item post-72819 post type-post status-publish format-standard has-post-thumbnail hentry category-product-highlight\" role=\"listitem\">\n\t\t\t<div class=\"elementor-post__card\">\n\t\t\t\t<a class=\"elementor-post__thumbnail__link\" href=\"https:\/\/www.maghrebpharma.com\/fr\/2026\/02\/22\/turbidimetre\/\" tabindex=\"-1\" ><div class=\"elementor-post__thumbnail\"><img loading=\"lazy\" decoding=\"async\" width=\"300\" height=\"169\" src=\"https:\/\/easyfairsassets.com\/sites\/206\/2026\/02\/TURBIDIMETRE-300x169.png\" class=\"attachment-medium size-medium wp-image-72679\" alt=\"\" srcset=\"https:\/\/easyfairsassets.com\/sites\/206\/2026\/02\/TURBIDIMETRE-300x169.png 300w, https:\/\/easyfairsassets.com\/sites\/206\/2026\/02\/TURBIDIMETRE.png 732w\" sizes=\"(max-width: 300px) 100vw, 300px\" \/><\/div><\/a>\n\t\t\t\t<div class=\"elementor-post__badge\">Product highlight<\/div>\n\t\t\t\t<div class=\"elementor-post__avatar\">\n\t\t\t<img alt='Massil Hallalel' src='https:\/\/secure.gravatar.com\/avatar\/c9c80409d07936a6c37fc5c3457ebc799646ec7e8dc8299e570c22c05fe4fe64?s=128&#038;d=mm&#038;r=g' srcset='https:\/\/secure.gravatar.com\/avatar\/c9c80409d07936a6c37fc5c3457ebc799646ec7e8dc8299e570c22c05fe4fe64?s=256&#038;d=mm&#038;r=g 2x' class='avatar avatar-128 photo' height='128' width='128' \/>\t\t<\/div>\n\t\t\t\t<div class=\"elementor-post__text\">\n\t\t\t\t<h3 class=\"elementor-post__title\">\n\t\t\t<a href=\"https:\/\/www.maghrebpharma.com\/fr\/2026\/02\/22\/turbidimetre\/\" >\n\t\t\t\tTURBIDIM\u00c8TRE\t\t\t<\/a>\n\t\t<\/h3>\n\t\t\t\t<div class=\"elementor-post__excerpt\">\n\t\t\t\t\t<\/div>\n\t\t\n\t\t<a class=\"elementor-post__read-more\" href=\"https:\/\/www.maghrebpharma.com\/fr\/2026\/02\/22\/turbidimetre\/\" aria-label=\"Read more about TURBIDIM\u00c8TRE\" tabindex=\"-1\" >\n\t\t\tRead More \u00bb\t\t<\/a>\n\n\t\t\t\t<\/div>\n\t\t\t\t\t<\/div>\n\t\t<\/article>\n\t\t\t\t<\/div>\n\t\t\n\t\t\t\t\t\t<\/div>\n\t\t\t\t<\/div>\n\t\t\t\t\t<\/div>\n\t\t<\/div>\n\t\t\t\t\t<\/div>\n\t\t<\/section>\n\t\t\t\t<\/div>\n\t\t","protected":false},"excerpt":{"rendered":"<p>Industry News<\/p>\n","protected":false},"author":354,"featured_media":0,"parent":349,"menu_order":200,"comment_status":"closed","ping_status":"closed","template":"","meta":{"_seopress_robots_primary_cat":"","_seopress_titles_title":"Industry News - Maghreb Pharma Expo 2025","_seopress_titles_desc":"Restez inform\u00e9 des derni\u00e8res tendances et derniers d\u00e9veloppements de l&#039;industrie pharmaceutique au Maghreb.","_seopress_robots_index":"","footnotes":""},"class_list":["post-515","page","type-page","status-publish","hentry"],"_links":{"self":[{"href":"https:\/\/www.maghrebpharma.com\/fr\/wp-json\/wp\/v2\/pages\/515","targetHints":{"allow":["GET"]}}],"collection":[{"href":"https:\/\/www.maghrebpharma.com\/fr\/wp-json\/wp\/v2\/pages"}],"about":[{"href":"https:\/\/www.maghrebpharma.com\/fr\/wp-json\/wp\/v2\/types\/page"}],"author":[{"embeddable":true,"href":"https:\/\/www.maghrebpharma.com\/fr\/wp-json\/wp\/v2\/users\/354"}],"replies":[{"embeddable":true,"href":"https:\/\/www.maghrebpharma.com\/fr\/wp-json\/wp\/v2\/comments?post=515"}],"version-history":[{"count":5,"href":"https:\/\/www.maghrebpharma.com\/fr\/wp-json\/wp\/v2\/pages\/515\/revisions"}],"predecessor-version":[{"id":75157,"href":"https:\/\/www.maghrebpharma.com\/fr\/wp-json\/wp\/v2\/pages\/515\/revisions\/75157"}],"up":[{"embeddable":true,"href":"https:\/\/www.maghrebpharma.com\/fr\/wp-json\/wp\/v2\/pages\/349"}],"wp:attachment":[{"href":"https:\/\/www.maghrebpharma.com\/fr\/wp-json\/wp\/v2\/media?parent=515"}],"curies":[{"name":"wp","href":"https:\/\/api.w.org\/{rel}","templated":true}]}}