{"id":545,"date":"2019-12-03T10:40:21","date_gmt":"2019-12-03T09:40:21","guid":{"rendered":"https:\/\/www.maghrebpharma.com\/?page_id=545"},"modified":"2025-07-02T15:12:27","modified_gmt":"2025-07-02T14:12:27","slug":"manifestez-votre-interet","status":"publish","type":"page","link":"https:\/\/www.maghrebpharma.com\/fr\/visiter\/manifestez-votre-interet\/","title":{"rendered":"Manifestez votre int\u00e9r\u00eat"},"content":{"rendered":"\t\t<div data-elementor-type=\"wp-page\" data-elementor-id=\"545\" class=\"elementor elementor-545\" data-elementor-post-type=\"page\">\n\t\t\t\t\t\t<section class=\"elementor-section elementor-top-section elementor-element elementor-element-325fdd22 elementor-section-height-min-height elementor-section-content-middle elementor-section-boxed elementor-section-height-default elementor-section-items-middle\" data-id=\"325fdd22\" data-element_type=\"section\" data-settings=\"{&quot;background_background&quot;:&quot;classic&quot;}\">\n\t\t\t\t\t\t<div class=\"elementor-container elementor-column-gap-wider\">\n\t\t\t\t\t<div class=\"elementor-column elementor-col-100 elementor-top-column elementor-element elementor-element-fd1155b\" data-id=\"fd1155b\" data-element_type=\"column\">\n\t\t\t<div class=\"elementor-widget-wrap elementor-element-populated\">\n\t\t\t\t\t\t<div class=\"elementor-element elementor-element-426afb77 elementor-widget elementor-widget-heading\" data-id=\"426afb77\" data-element_type=\"widget\" data-widget_type=\"heading.default\">\n\t\t\t\t<div class=\"elementor-widget-container\">\n\t\t\t\t\t<h1 class=\"elementor-heading-title elementor-size-default\">Recevez les derni\u00e8res nouvelles de Maghreb Pharma 2026<\/h1>\t\t\t\t<\/div>\n\t\t\t\t<\/div>\n\t\t\t\t<div class=\"elementor-element elementor-element-28fa3ee7 elementor-widget elementor-widget-text-editor\" data-id=\"28fa3ee7\" data-element_type=\"widget\" data-widget_type=\"text-editor.default\">\n\t\t\t\t<div class=\"elementor-widget-container\">\n\t\t\t\t\t\t\t\t\t<p><span style=\"color: #000000;\">Si vous souhaitez assister \u00e0 cet \u00e9v\u00e9nement, nous vous recommandons de vous inscrire \u00e0 nos notifications par e-mail Maghreb Pharma en utilisant le formulaire ci-dessous.<\/span><\/p><p><span style=\"color: #000000;\">Les abonn\u00e9s recevront un e-mail les invitant \u00e0 s&rsquo;inscrire \u00e0 l&rsquo;\u00e9v\u00e9nement d\u00e8s le lancement de l&rsquo;inscription pour la prochaine \u00e9dition 2026. Nous vous enverrons \u00e9galement des annonces de nouveaux conf\u00e9renciers et des mises \u00e0 jour sur les caract\u00e9ristiques du salon, les exposants et les s\u00e9minaires afin que vous puissiez planifier votre visite et vivre la meilleure exp\u00e9rience \u00e9v\u00e9nementielle possible.<\/span><\/p>\t\t\t\t\t\t\t\t<\/div>\n\t\t\t\t<\/div>\n\t\t\t\t\t<\/div>\n\t\t<\/div>\n\t\t\t\t\t<\/div>\n\t\t<\/section>\n\t\t\t\t<section class=\"elementor-section elementor-top-section elementor-element elementor-element-c881821 elementor-section-boxed elementor-section-height-default elementor-section-height-default\" data-id=\"c881821\" data-element_type=\"section\" data-settings=\"{&quot;background_background&quot;:&quot;gradient&quot;}\">\n\t\t\t\t\t\t<div class=\"elementor-container elementor-column-gap-default\">\n\t\t\t\t\t<div class=\"elementor-column elementor-col-100 elementor-top-column elementor-element elementor-element-ec42412\" data-id=\"ec42412\" data-element_type=\"column\">\n\t\t\t<div class=\"elementor-widget-wrap elementor-element-populated\">\n\t\t\t\t\t\t<div class=\"elementor-element elementor-element-5706b069 elementor-widget elementor-widget-heading\" data-id=\"5706b069\" data-element_type=\"widget\" data-widget_type=\"heading.default\">\n\t\t\t\t<div class=\"elementor-widget-container\">\n\t\t\t\t\t<h5 class=\"elementor-heading-title elementor-size-default\">Faites votre pr\u00e9-inscription pour assister au MAGHREB PHARMA Expo 2024 !<\/h5>\t\t\t\t<\/div>\n\t\t\t\t<\/div>\n\t\t\t\t<section class=\"elementor-section elementor-inner-section elementor-element elementor-element-1ea75ac3 elementor-section-boxed elementor-section-height-default elementor-section-height-default\" data-id=\"1ea75ac3\" data-element_type=\"section\" data-settings=\"{&quot;background_background&quot;:&quot;classic&quot;}\">\n\t\t\t\t\t\t<div class=\"elementor-container elementor-column-gap-wide\">\n\t\t\t\t\t<div class=\"elementor-column elementor-col-100 elementor-inner-column elementor-element elementor-element-63b549c9\" data-id=\"63b549c9\" data-element_type=\"column\">\n\t\t\t<div class=\"elementor-widget-wrap elementor-element-populated\">\n\t\t\t\t\t\t<div class=\"elementor-element elementor-element-52e75ac9 elementor-button-align-start elementor-widget elementor-widget-form\" data-id=\"52e75ac9\" data-element_type=\"widget\" data-settings=\"{&quot;step_next_label&quot;:&quot;Suivant&quot;,&quot;step_previous_label&quot;:&quot;Pr\\u00e9c\\u00e9dent&quot;,&quot;step_type&quot;:&quot;number_text&quot;,&quot;step_icon_shape&quot;:&quot;circle&quot;}\" data-widget_type=\"form.default\">\n\t\t\t\t<div class=\"elementor-widget-container\">\n\t\t\t\t\t\t\t<form class=\"elementor-form\" method=\"post\" name=\"Register your interest\" aria-label=\"Register your interest\">\n\t\t\t<input type=\"hidden\" name=\"post_id\" value=\"545\"\/>\n\t\t\t<input type=\"hidden\" name=\"form_id\" value=\"52e75ac9\"\/>\n\t\t\t<input type=\"hidden\" name=\"referer_title\" value=\"\" \/>\n\n\t\t\t\n\t\t\t<div class=\"elementor-form-fields-wrapper elementor-labels-above\">\n\t\t\t\t\t\t\t\t<div class=\"elementor-field-type-text elementor-field-group elementor-column elementor-field-group-FirstName elementor-col-100 elementor-field-required elementor-mark-required\">\n\t\t\t\t\t\t\t\t\t\t\t\t<label for=\"form-field-FirstName\" class=\"elementor-field-label\">\n\t\t\t\t\t\t\t\tPr\u00e9nom \t\t\t\t\t\t\t<\/label>\n\t\t\t\t\t\t\t\t\t\t\t\t\t\t<input size=\"1\" type=\"text\" name=\"form_fields[FirstName]\" id=\"form-field-FirstName\" class=\"elementor-field elementor-size-md  elementor-field-textual\" required=\"required\">\n\t\t\t\t\t\t\t\t\t\t\t<\/div>\n\t\t\t\t\t\t\t\t<div class=\"elementor-field-type-text elementor-field-group elementor-column elementor-field-group-LastName elementor-col-100 elementor-field-required elementor-mark-required\">\n\t\t\t\t\t\t\t\t\t\t\t\t<label for=\"form-field-LastName\" class=\"elementor-field-label\">\n\t\t\t\t\t\t\t\tNom\t\t\t\t\t\t\t<\/label>\n\t\t\t\t\t\t\t\t\t\t\t\t\t\t<input size=\"1\" type=\"text\" name=\"form_fields[LastName]\" id=\"form-field-LastName\" class=\"elementor-field elementor-size-md  elementor-field-textual\" required=\"required\">\n\t\t\t\t\t\t\t\t\t\t\t<\/div>\n\t\t\t\t\t\t\t\t<div class=\"elementor-field-type-email elementor-field-group elementor-column elementor-field-group-Email elementor-col-100 elementor-field-required elementor-mark-required\">\n\t\t\t\t\t\t\t\t\t\t\t\t<label for=\"form-field-Email\" class=\"elementor-field-label\">\n\t\t\t\t\t\t\t\tEmail\t\t\t\t\t\t\t<\/label>\n\t\t\t\t\t\t\t\t\t\t\t\t\t\t<input size=\"1\" type=\"email\" name=\"form_fields[Email]\" id=\"form-field-Email\" class=\"elementor-field elementor-size-md  elementor-field-textual\" placeholder=\"e.g. test@maghrebpharma.com\" required=\"required\">\n\t\t\t\t\t\t\t\t\t\t\t<\/div>\n\t\t\t\t\t\t\t\t<div class=\"elementor-field-type-text elementor-field-group elementor-column elementor-field-group-JobTitle elementor-col-100 elementor-field-required elementor-mark-required\">\n\t\t\t\t\t\t\t\t\t\t\t\t<label for=\"form-field-JobTitle\" class=\"elementor-field-label\">\n\t\t\t\t\t\t\t\tFonction\t\t\t\t\t\t\t<\/label>\n\t\t\t\t\t\t\t\t\t\t\t\t\t\t<input size=\"1\" type=\"text\" name=\"form_fields[JobTitle]\" id=\"form-field-JobTitle\" class=\"elementor-field elementor-size-md  elementor-field-textual\" required=\"required\">\n\t\t\t\t\t\t\t\t\t\t\t<\/div>\n\t\t\t\t\t\t\t\t<div class=\"elementor-field-type-text elementor-field-group elementor-column elementor-field-group-Company elementor-col-100 elementor-field-required elementor-mark-required\">\n\t\t\t\t\t\t\t\t\t\t\t\t<label for=\"form-field-Company\" class=\"elementor-field-label\">\n\t\t\t\t\t\t\t\tEntreprise\t\t\t\t\t\t\t<\/label>\n\t\t\t\t\t\t\t\t\t\t\t\t\t\t<input size=\"1\" type=\"text\" name=\"form_fields[Company]\" id=\"form-field-Company\" class=\"elementor-field elementor-size-md  elementor-field-textual\" required=\"required\">\n\t\t\t\t\t\t\t\t\t\t\t<\/div>\n\t\t\t\t\t\t\t\t<div class=\"elementor-field-type-radio elementor-field-group elementor-column elementor-field-group-LanguageCode elementor-col-100 elementor-field-required elementor-mark-required\">\n\t\t\t\t\t\t\t\t\t\t\t\t<label for=\"form-field-LanguageCode\" class=\"elementor-field-label\">\n\t\t\t\t\t\t\t\tLangue\t\t\t\t\t\t\t<\/label>\n\t\t\t\t\t\t<div class=\"elementor-field-subgroup  \"><span class=\"elementor-field-option\"><input type=\"radio\" value=\"FR\" id=\"form-field-LanguageCode-0\" name=\"form_fields[LanguageCode]\" required=\"required\"> <label for=\"form-field-LanguageCode-0\">Fran\u00e7ais<\/label><\/span><span class=\"elementor-field-option\"><input type=\"radio\" value=\"EN\" id=\"form-field-LanguageCode-1\" name=\"form_fields[LanguageCode]\" required=\"required\"> <label for=\"form-field-LanguageCode-1\">Anglais<\/label><\/span><\/div>\t\t\t\t<\/div>\n\t\t\t\t\t\t\t\t<div class=\"elementor-field-type-html elementor-field-group elementor-column elementor-field-group-field_13c7e1a elementor-col-100\">\n\t\t\t\t\tChez Easyfairs, nous prenons votre vie priv\u00e9e au s\u00e9rieux et nous utiliserons les informations que nous recueillons ou recevons \u00e0 votre sujet conform\u00e9ment \u00e0 nos <a href=\"https:\/\/www.easyfairs.com\/privacy-policy\/\" target=\"_blank\">politique de confidentialit\u00e9<\/a>. Si vous changez d'avis, vous pouvez <a href=\"mailto:privacyuk@easyfairs.com\"> vous d\u00e9sabonner<\/a> \u00e0 tout moment.\t\t\t\t<\/div>\n\t\t\t\t\t\t\t\t<div class=\"elementor-field-type-checkbox elementor-field-group elementor-column elementor-field-group-accept1807 elementor-col-100\">\n\t\t\t\t\t<div class=\"elementor-field-subgroup  \"><span class=\"elementor-field-option\"><input type=\"checkbox\" value=\"J\u2019accepte que Easyfairs traite mes donn\u00e9es personnelles selon la Loi alg\u00e9rienne 18-07\" id=\"form-field-accept1807-0\" name=\"form_fields[accept1807]\"> <label for=\"form-field-accept1807-0\">J\u2019accepte que Easyfairs traite mes donn\u00e9es personnelles selon la Loi alg\u00e9rienne 18-07<\/label><\/span><\/div>\t\t\t\t<\/div>\n\t\t\t\t\t\t\t\t<div class=\"elementor-field-type-recaptcha_v3 elementor-field-group elementor-column elementor-field-group-field_ddeb1a7 elementor-col-100 recaptcha_v3-inline\">\n\t\t\t\t\t<div class=\"elementor-field\" id=\"form-field-field_ddeb1a7\"><div class=\"elementor-g-recaptcha\" data-sitekey=\"6LdyM3gaAAAAALpL_DpX3rHq8KmyLkZJwTiqokPG\" data-type=\"v3\" data-action=\"Form\" data-badge=\"inline\" data-size=\"invisible\"><\/div><\/div>\t\t\t\t<\/div>\n\t\t\t\t\t\t\t\t<div class=\"elementor-field-group elementor-column elementor-field-type-submit elementor-col-100 e-form__buttons\">\n\t\t\t\t\t<button class=\"elementor-button elementor-size-md\" type=\"submit\">\n\t\t\t\t\t\t<span class=\"elementor-button-content-wrapper\">\n\t\t\t\t\t\t\t\t\t\t\t\t\t\t\t<span class=\"elementor-button-icon\">\n\t\t\t\t\t\t\t\t\t<i aria-hidden=\"true\" class=\"fas fa-angle-right\"><\/i>\t\t\t\t\t\t\t\t\t\t\t\t\t\t\t\t\t<\/span>\n\t\t\t\t\t\t\t\t\t\t\t\t\t\t\t\t\t\t\t\t\t\t<span class=\"elementor-button-text\">Envoyer<\/span>\n\t\t\t\t\t\t\t\t\t\t\t\t\t<\/span>\n\t\t\t\t\t<\/button>\n\t\t\t\t<\/div>\n\t\t\t<\/div>\n\t\t<\/form>\n\t\t\t\t\t\t<\/div>\n\t\t\t\t<\/div>\n\t\t\t\t\t<\/div>\n\t\t<\/div>\n\t\t\t\t\t<\/div>\n\t\t<\/section>\n\t\t\t\t\t<\/div>\n\t\t<\/div>\n\t\t\t\t\t<\/div>\n\t\t<\/section>\n\t\t\t\t<\/div>\n\t\t","protected":false},"excerpt":{"rendered":"<p>Recevez les derni\u00e8res nouvelles de Maghreb Pharma 2026 Si vous souhaitez assister \u00e0 cet \u00e9v\u00e9nement, nous vous recommandons de vous inscrire \u00e0 nos notifications par e-mail Maghreb Pharma en utilisant le formulaire ci-dessous. Les abonn\u00e9s recevront un e-mail les invitant \u00e0 s&rsquo;inscrire \u00e0 l&rsquo;\u00e9v\u00e9nement d\u00e8s le lancement de l&rsquo;inscription pour la prochaine \u00e9dition 2026. Nous [&hellip;]<\/p>\n","protected":false},"author":354,"featured_media":0,"parent":349,"menu_order":400,"comment_status":"closed","ping_status":"closed","template":"","meta":{"_seopress_robots_primary_cat":"","_seopress_titles_title":"Vous songez \u00e0 assister \u00e0 MAGHREB PHARMA Expo ?","_seopress_titles_desc":"Connectez, inspirez et apprenez \u00e0 MAGHREB PHARMA Expo !\r\n","_seopress_robots_index":"","footnotes":""},"class_list":["post-545","page","type-page","status-publish","hentry"],"_links":{"self":[{"href":"https:\/\/www.maghrebpharma.com\/fr\/wp-json\/wp\/v2\/pages\/545","targetHints":{"allow":["GET"]}}],"collection":[{"href":"https:\/\/www.maghrebpharma.com\/fr\/wp-json\/wp\/v2\/pages"}],"about":[{"href":"https:\/\/www.maghrebpharma.com\/fr\/wp-json\/wp\/v2\/types\/page"}],"author":[{"embeddable":true,"href":"https:\/\/www.maghrebpharma.com\/fr\/wp-json\/wp\/v2\/users\/354"}],"replies":[{"embeddable":true,"href":"https:\/\/www.maghrebpharma.com\/fr\/wp-json\/wp\/v2\/comments?post=545"}],"version-history":[{"count":5,"href":"https:\/\/www.maghrebpharma.com\/fr\/wp-json\/wp\/v2\/pages\/545\/revisions"}],"predecessor-version":[{"id":71128,"href":"https:\/\/www.maghrebpharma.com\/fr\/wp-json\/wp\/v2\/pages\/545\/revisions\/71128"}],"up":[{"embeddable":true,"href":"https:\/\/www.maghrebpharma.com\/fr\/wp-json\/wp\/v2\/pages\/349"}],"wp:attachment":[{"href":"https:\/\/www.maghrebpharma.com\/fr\/wp-json\/wp\/v2\/media?parent=545"}],"curies":[{"name":"wp","href":"https:\/\/api.w.org\/{rel}","templated":true}]}}