{"id":5588,"date":"2020-09-24T11:31:18","date_gmt":"2020-09-24T10:31:18","guid":{"rendered":"https:\/\/www.maghrebpharma.com\/?page_id=5588"},"modified":"2022-09-01T10:56:46","modified_gmt":"2022-09-01T09:56:46","slug":"zones-specialisees","status":"publish","type":"page","link":"https:\/\/www.maghrebpharma.com\/fr\/zones-specialisees\/","title":{"rendered":"Zones sp\u00e9cialis\u00e9es"},"content":{"rendered":"\t\t<div data-elementor-type=\"wp-page\" data-elementor-id=\"5588\" class=\"elementor elementor-5588\" data-elementor-post-type=\"page\">\n\t\t\t\t\t\t<section class=\"elementor-section elementor-top-section elementor-element elementor-element-699fef1 elementor-section-boxed elementor-section-height-default elementor-section-height-default\" data-id=\"699fef1\" data-element_type=\"section\">\n\t\t\t\t\t\t<div class=\"elementor-container elementor-column-gap-default\">\n\t\t\t\t\t<div class=\"elementor-column elementor-col-100 elementor-top-column elementor-element elementor-element-e1c86ff\" data-id=\"e1c86ff\" data-element_type=\"column\">\n\t\t\t<div class=\"elementor-widget-wrap elementor-element-populated\">\n\t\t\t\t\t\t<div class=\"elementor-element elementor-element-2302f31 elementor-widget elementor-widget-heading\" data-id=\"2302f31\" data-element_type=\"widget\" data-widget_type=\"heading.default\">\n\t\t\t\t<div class=\"elementor-widget-container\">\n\t\t\t\t\t<h2 class=\"elementor-heading-title elementor-size-default\">Nouvelles zones specialis\u00e9es sur MAGHREB PHARMA Expo <\/h2>\t\t\t\t<\/div>\n\t\t\t\t<\/div>\n\t\t\t\t<div class=\"elementor-element elementor-element-4c8b978 elementor-widget elementor-widget-text-editor\" data-id=\"4c8b978\" data-element_type=\"widget\" data-widget_type=\"text-editor.default\">\n\t\t\t\t<div class=\"elementor-widget-container\">\n\t\t\t\t\t\t\t\t\t<p>Alors que l&rsquo;industrie pharmaceutique nord-africaine entre d\u00e9sormais dans une phase de croissance et acc\u00e9l\u00e8re ses volumes de production, n\u00e9cessitant plus de consommables, nous avons cr\u00e9\u00e9 des espaces sp\u00e9cialis\u00e9s o\u00f9 les visiteurs peuvent identifier plus facilement les exposants fournissant des ingr\u00e9dients pharmaceutiques et les entreprises. sp\u00e9cialis\u00e9e dans l&#8217;emballage. Nous avons \u00e9galement cr\u00e9\u00e9 un espace d\u00e9di\u00e9 aux producteurs int\u00e9ress\u00e9s \u00e0 identifier des fournisseurs pour lancer\/d\u00e9multiplier leurs projets de fabrication dermo- cosm\u00e9tique, une tendance croissante dans la r\u00e9gion.<\/p>\t\t\t\t\t\t\t\t<\/div>\n\t\t\t\t<\/div>\n\t\t\t\t<div class=\"elementor-element elementor-element-9c71695 elementor-align-left elementor-widget elementor-widget-dynamic-button\" data-id=\"9c71695\" data-element_type=\"widget\" data-widget_type=\"dynamic-button.default\">\n\t\t\t\t<div class=\"elementor-widget-container\">\n\t\t\t\t\t        <div class=\"elementor-button-wrapper\">\n            <a href=\"https:\/\/registration.gesevent.com\/survey\/00xxa89sq0isf\" target=\"_blank\" class=\"elementor-button-link elementor-button elementor-size-lg\" role=\"button\">\n                        <span class=\"elementor-button-content-wrapper\">\n\t\t\t\t\t\t<span class=\"elementor-button-text\">INSCRIPTION VISITEURS<\/span>\n\t\t<\/span>\n                    <\/a>\n        <\/div>\n        \t\t\t\t<\/div>\n\t\t\t\t<\/div>\n\t\t\t\t\t<\/div>\n\t\t<\/div>\n\t\t\t\t\t<\/div>\n\t\t<\/section>\n\t\t\t\t<section class=\"elementor-section elementor-top-section elementor-element elementor-element-a2042a4 elementor-section-boxed elementor-section-height-default elementor-section-height-default\" data-id=\"a2042a4\" data-element_type=\"section\" data-settings=\"{&quot;background_background&quot;:&quot;gradient&quot;}\">\n\t\t\t\t\t\t<div class=\"elementor-container elementor-column-gap-default\">\n\t\t\t\t\t<div class=\"elementor-column elementor-col-100 elementor-top-column elementor-element elementor-element-20b90ef\" data-id=\"20b90ef\" data-element_type=\"column\">\n\t\t\t<div class=\"elementor-widget-wrap elementor-element-populated\">\n\t\t\t\t\t\t<section class=\"elementor-section elementor-inner-section elementor-element elementor-element-690ec04 elementor-section-boxed elementor-section-height-default elementor-section-height-default elementor-invisible\" data-id=\"690ec04\" data-element_type=\"section\" data-settings=\"{&quot;animation&quot;:&quot;slideInLeft&quot;,&quot;background_background&quot;:&quot;classic&quot;}\">\n\t\t\t\t\t\t<div class=\"elementor-container elementor-column-gap-default\">\n\t\t\t\t\t<div class=\"elementor-column elementor-col-50 elementor-inner-column elementor-element elementor-element-c829a86\" data-id=\"c829a86\" data-element_type=\"column\">\n\t\t\t<div class=\"elementor-widget-wrap elementor-element-populated\">\n\t\t\t\t\t\t<div class=\"elementor-element elementor-element-22900dc elementor-widget elementor-widget-image\" data-id=\"22900dc\" data-element_type=\"widget\" data-widget_type=\"image.default\">\n\t\t\t\t<div class=\"elementor-widget-container\">\n\t\t\t\t\t\t\t\t\t\t\t\t\t\t\t<img decoding=\"async\" src=\"https:\/\/easyfairsassets.com\/sites\/206\/elementor\/thumbs\/PHARMA22_NutraTech_-pd72ikl7g54908qloiqohsrqbkpzlti8kvsvuzvegk.png\" title=\"PHARMA22_NutraTech_\" alt=\"PHARMA22_NutraTech_\" loading=\"lazy\" \/>\t\t\t\t\t\t\t\t\t\t\t\t\t\t\t<\/div>\n\t\t\t\t<\/div>\n\t\t\t\t<div class=\"elementor-element elementor-element-572e8a5 elementor-widget elementor-widget-text-editor\" data-id=\"572e8a5\" data-element_type=\"widget\" data-widget_type=\"text-editor.default\">\n\t\t\t\t<div class=\"elementor-widget-container\">\n\t\t\t\t\t\t\t\t\t<p>NUTRAtech est le nouvel \u00e9v\u00e9nement leader des Ingr\u00e9dients, emballages et technologies pour le d\u00e9veloppement et la production des compl\u00e9ments alimentaires et aliments fonctionnels.\u00a0 Rencontrez les plus grands fournisseurs pendant 3 jours sur MAGHREB PHARMA Expo.<\/p>\t\t\t\t\t\t\t\t<\/div>\n\t\t\t\t<\/div>\n\t\t\t\t\t<\/div>\n\t\t<\/div>\n\t\t\t\t<div class=\"elementor-column elementor-col-50 elementor-inner-column elementor-element elementor-element-b1ddd02\" data-id=\"b1ddd02\" data-element_type=\"column\">\n\t\t\t<div class=\"elementor-widget-wrap elementor-element-populated\">\n\t\t\t\t\t\t<div class=\"elementor-element elementor-element-ec0cf38 elementor-widget elementor-widget-image\" data-id=\"ec0cf38\" data-element_type=\"widget\" data-widget_type=\"image.default\">\n\t\t\t\t<div class=\"elementor-widget-container\">\n\t\t\t\t\t\t\t\t\t\t\t\t\t\t\t<img fetchpriority=\"high\" decoding=\"async\" width=\"1920\" height=\"973\" src=\"https:\/\/easyfairsassets.com\/sites\/206\/2020\/09\/INgredient-pictures-1-1.jpg\" class=\"attachment-full size-full wp-image-5822\" alt=\"\" srcset=\"https:\/\/easyfairsassets.com\/sites\/206\/2020\/09\/INgredient-pictures-1-1.jpg 1920w, https:\/\/easyfairsassets.com\/sites\/206\/2020\/09\/INgredient-pictures-1-1-300x152.jpg 300w, https:\/\/easyfairsassets.com\/sites\/206\/2020\/09\/INgredient-pictures-1-1-1024x519.jpg 1024w, https:\/\/easyfairsassets.com\/sites\/206\/2020\/09\/INgredient-pictures-1-1-768x389.jpg 768w, https:\/\/easyfairsassets.com\/sites\/206\/2020\/09\/INgredient-pictures-1-1-1536x778.jpg 1536w\" sizes=\"(max-width: 1920px) 100vw, 1920px\" \/>\t\t\t\t\t\t\t\t\t\t\t\t\t\t\t<\/div>\n\t\t\t\t<\/div>\n\t\t\t\t\t<\/div>\n\t\t<\/div>\n\t\t\t\t\t<\/div>\n\t\t<\/section>\n\t\t\t\t<section class=\"elementor-section elementor-inner-section elementor-element elementor-element-86f5fe7 elementor-section-boxed elementor-section-height-default elementor-section-height-default elementor-invisible\" data-id=\"86f5fe7\" data-element_type=\"section\" data-settings=\"{&quot;animation&quot;:&quot;slideInLeft&quot;,&quot;background_background&quot;:&quot;classic&quot;}\">\n\t\t\t\t\t\t<div class=\"elementor-container elementor-column-gap-default\">\n\t\t\t\t\t<div class=\"elementor-column elementor-col-50 elementor-inner-column elementor-element elementor-element-57f5ff4\" data-id=\"57f5ff4\" data-element_type=\"column\">\n\t\t\t<div class=\"elementor-widget-wrap elementor-element-populated\">\n\t\t\t\t\t\t<div class=\"elementor-element elementor-element-3ec4ab6 elementor-widget elementor-widget-image\" data-id=\"3ec4ab6\" data-element_type=\"widget\" data-widget_type=\"image.default\">\n\t\t\t\t<div class=\"elementor-widget-container\">\n\t\t\t\t\t\t\t\t\t\t\t\t\t\t\t<img decoding=\"async\" width=\"403\" height=\"51\" src=\"https:\/\/easyfairsassets.com\/sites\/206\/2020\/09\/MP2020FeatureLogos_2.png\" class=\"attachment-large size-large wp-image-5596\" alt=\"\" srcset=\"https:\/\/easyfairsassets.com\/sites\/206\/2020\/09\/MP2020FeatureLogos_2.png 403w, https:\/\/easyfairsassets.com\/sites\/206\/2020\/09\/MP2020FeatureLogos_2-300x38.png 300w\" sizes=\"(max-width: 403px) 100vw, 403px\" \/>\t\t\t\t\t\t\t\t\t\t\t\t\t\t\t<\/div>\n\t\t\t\t<\/div>\n\t\t\t\t<div class=\"elementor-element elementor-element-4bb163b elementor-widget elementor-widget-text-editor\" data-id=\"4bb163b\" data-element_type=\"widget\" data-widget_type=\"text-editor.default\">\n\t\t\t\t<div class=\"elementor-widget-container\">\n\t\t\t\t\t\t\t\t\t<p>L&rsquo;industrie cosm\u00e9tique mondiale est en croissance constante, notamment en Afrique du Nord o\u00f9 le march\u00e9 est en pleine acc\u00e9l\u00e9ration, raison pour laquelle Maghreb Pharma lance COSMEtech, un nouvel parcours et th\u00e9matique regroupant tous les fournisseurs d\u2019intrants pour la production dermo-cosm\u00e9tique en tant qu&rsquo;exposants et les fabricants de produits cosm\u00e9tiques en tant que visiteurs.<\/p>\t\t\t\t\t\t\t\t<\/div>\n\t\t\t\t<\/div>\n\t\t\t\t\t<\/div>\n\t\t<\/div>\n\t\t\t\t<div class=\"elementor-column elementor-col-50 elementor-inner-column elementor-element elementor-element-c31f682\" data-id=\"c31f682\" data-element_type=\"column\">\n\t\t\t<div class=\"elementor-widget-wrap elementor-element-populated\">\n\t\t\t\t\t\t<div class=\"elementor-element elementor-element-0f20534 elementor-widget elementor-widget-image\" data-id=\"0f20534\" data-element_type=\"widget\" data-widget_type=\"image.default\">\n\t\t\t\t<div class=\"elementor-widget-container\">\n\t\t\t\t\t\t\t\t\t\t\t\t\t\t\t<img decoding=\"async\" width=\"1920\" height=\"1280\" src=\"https:\/\/easyfairsassets.com\/sites\/206\/2020\/09\/INgredient-pictures-3.jpg\" class=\"attachment-full size-full wp-image-5825\" alt=\"\" srcset=\"https:\/\/easyfairsassets.com\/sites\/206\/2020\/09\/INgredient-pictures-3.jpg 1920w, https:\/\/easyfairsassets.com\/sites\/206\/2020\/09\/INgredient-pictures-3-300x200.jpg 300w, https:\/\/easyfairsassets.com\/sites\/206\/2020\/09\/INgredient-pictures-3-1024x683.jpg 1024w, https:\/\/easyfairsassets.com\/sites\/206\/2020\/09\/INgredient-pictures-3-768x512.jpg 768w, https:\/\/easyfairsassets.com\/sites\/206\/2020\/09\/INgredient-pictures-3-1536x1024.jpg 1536w\" sizes=\"(max-width: 1920px) 100vw, 1920px\" \/>\t\t\t\t\t\t\t\t\t\t\t\t\t\t\t<\/div>\n\t\t\t\t<\/div>\n\t\t\t\t\t<\/div>\n\t\t<\/div>\n\t\t\t\t\t<\/div>\n\t\t<\/section>\n\t\t\t\t\t<\/div>\n\t\t<\/div>\n\t\t\t\t\t<\/div>\n\t\t<\/section>\n\t\t\t\t<section class=\"elementor-section elementor-top-section elementor-element elementor-element-b61e4b8 elementor-section-boxed elementor-section-height-default elementor-section-height-default\" data-id=\"b61e4b8\" data-element_type=\"section\">\n\t\t\t\t\t\t<div class=\"elementor-container elementor-column-gap-default\">\n\t\t\t\t\t<div class=\"elementor-column elementor-col-100 elementor-top-column elementor-element elementor-element-c6add99\" data-id=\"c6add99\" data-element_type=\"column\">\n\t\t\t<div class=\"elementor-widget-wrap elementor-element-populated\">\n\t\t\t\t\t\t<div class=\"elementor-element elementor-element-5f18645 elementor-widget elementor-widget-heading\" data-id=\"5f18645\" data-element_type=\"widget\" data-widget_type=\"heading.default\">\n\t\t\t\t<div class=\"elementor-widget-container\">\n\t\t\t\t\t<h2 class=\"elementor-heading-title elementor-size-default\">En savoir plus sur MAGHREB PHARMA Expo<\/h2>\t\t\t\t<\/div>\n\t\t\t\t<\/div>\n\t\t\t\t\t<\/div>\n\t\t<\/div>\n\t\t\t\t\t<\/div>\n\t\t<\/section>\n\t\t\t\t<section class=\"elementor-section elementor-top-section elementor-element elementor-element-c878495 elementor-section-full_width elementor-section-height-default elementor-section-height-default\" data-id=\"c878495\" data-element_type=\"section\">\n\t\t\t\t\t\t<div class=\"elementor-container elementor-column-gap-default\">\n\t\t\t\t\t<div class=\"elementor-column elementor-col-100 elementor-top-column elementor-element elementor-element-f69d671\" data-id=\"f69d671\" data-element_type=\"column\">\n\t\t\t<div class=\"elementor-widget-wrap elementor-element-populated\">\n\t\t\t\t\t\t<section class=\"elementor-section elementor-inner-section elementor-element elementor-element-c7240cc elementor-section-boxed elementor-section-height-default elementor-section-height-default\" data-id=\"c7240cc\" data-element_type=\"section\" data-settings=\"{&quot;background_background&quot;:&quot;classic&quot;}\">\n\t\t\t\t\t\t<div class=\"elementor-container elementor-column-gap-wide\">\n\t\t\t\t\t<div class=\"elementor-column elementor-col-33 elementor-inner-column elementor-element elementor-element-2a0d037\" data-id=\"2a0d037\" data-element_type=\"column\" data-settings=\"{&quot;background_background&quot;:&quot;classic&quot;}\">\n\t\t\t<div class=\"elementor-widget-wrap elementor-element-populated\">\n\t\t\t\t\t\t<div class=\"elementor-element elementor-element-e74d6c1 elementor-flip-box--effect-slide elementor-flip-box--direction-up elementor-widget elementor-widget-flip-box\" data-id=\"e74d6c1\" data-element_type=\"widget\" data-widget_type=\"flip-box.default\">\n\t\t\t\t<div class=\"elementor-widget-container\">\n\t\t\t\t\t\t\t<div class=\"elementor-flip-box\" tabindex=\"0\">\n\t\t\t<div class=\"elementor-flip-box__layer elementor-flip-box__front\">\n\t\t\t\t<div class=\"elementor-flip-box__layer__overlay\">\n\t\t\t\t\t<div class=\"elementor-flip-box__layer__inner\">\n\t\t\t\t\t\t\n\t\t\t\t\t\t\t\t\t\t\t\t\t<h3 class=\"elementor-flip-box__layer__title\">\n\t\t\t\t\t\t\t\tListe des Exposants\t\t\t\t\t\t\t<\/h3>\n\t\t\t\t\t\t\n\t\t\t\t\t\t\t\t\t\t\t<\/div>\n\t\t\t\t<\/div>\n\t\t\t<\/div>\n\t\t\t<a class=\"elementor-flip-box__layer elementor-flip-box__back\" href=\"https:\/\/www.maghrebpharma.com\/fr\/exhibitor\/\" target=\"_blank\">\n\t\t\t<div class=\"elementor-flip-box__layer__overlay\">\n\t\t\t\t<div class=\"elementor-flip-box__layer__inner\">\n\t\t\t\t\t\t\t\t\t\t\t<h3 class=\"elementor-flip-box__layer__title\">\n\t\t\t\t\t\t\tListe des exposants\t\t\t\t\t\t<\/h3>\n\t\t\t\t\t\n\t\t\t\t\t\t\t\t\t\t\t<div class=\"elementor-flip-box__layer__description\">\n\t\t\t\t\t\t\tD\u00e9couvrez les entreprises qui exposent au MAGHREB PHARMA Expo 2021 !\t\t\t\t\t\t<\/div>\n\t\t\t\t\t\n\t\t\t\t\t\t\t\t\t\t\t<span class=\"elementor-flip-box__button elementor-button elementor-size-sm\">\n\t\t\t\t\t\t\tD\u00e9couvrir\t\t\t\t\t\t<\/span>\n\t\t\t\t\t\t\t\t<\/div>\n\t\t<\/div>\n\t\t<\/a>\n\t\t<\/div>\n\t\t\t\t\t\t<\/div>\n\t\t\t\t<\/div>\n\t\t\t\t\t<\/div>\n\t\t<\/div>\n\t\t\t\t<div class=\"elementor-column elementor-col-33 elementor-inner-column elementor-element elementor-element-e461925\" data-id=\"e461925\" data-element_type=\"column\" data-settings=\"{&quot;background_background&quot;:&quot;classic&quot;}\">\n\t\t\t<div class=\"elementor-widget-wrap elementor-element-populated\">\n\t\t\t\t\t\t<div class=\"elementor-element elementor-element-a7cfb94 elementor-flip-box--effect-slide elementor-flip-box--direction-up elementor-widget elementor-widget-flip-box\" data-id=\"a7cfb94\" data-element_type=\"widget\" data-widget_type=\"flip-box.default\">\n\t\t\t\t<div class=\"elementor-widget-container\">\n\t\t\t\t\t\t\t<div class=\"elementor-flip-box\" tabindex=\"0\">\n\t\t\t<div class=\"elementor-flip-box__layer elementor-flip-box__front\">\n\t\t\t\t<div class=\"elementor-flip-box__layer__overlay\">\n\t\t\t\t\t<div class=\"elementor-flip-box__layer__inner\">\n\t\t\t\t\t\t\n\t\t\t\t\t\t\t\t\t\t\t\t\t<h3 class=\"elementor-flip-box__layer__title\">\n\t\t\t\t\t\t\t\tR\u00e9servez votre stand\t\t\t\t\t\t\t<\/h3>\n\t\t\t\t\t\t\n\t\t\t\t\t\t\t\t\t\t\t<\/div>\n\t\t\t\t<\/div>\n\t\t\t<\/div>\n\t\t\t<a class=\"elementor-flip-box__layer elementor-flip-box__back\" href=\"https:\/\/www.maghrebpharma.com\/fr\/exposer\/formules-de-stands\/\" target=\"_blank\">\n\t\t\t<div class=\"elementor-flip-box__layer__overlay\">\n\t\t\t\t<div class=\"elementor-flip-box__layer__inner\">\n\t\t\t\t\t\t\t\t\t\t\t<h3 class=\"elementor-flip-box__layer__title\">\n\t\t\t\t\t\t\tR\u00e9servez votre stand\t\t\t\t\t\t<\/h3>\n\t\t\t\t\t\n\t\t\t\t\t\t\t\t\t\t\t<div class=\"elementor-flip-box__layer__description\">\n\t\t\t\t\t\t\tUne opportunit\u00e9 unique de rencontrer tous les donneurs d'ordre de l'industrie pharmaceutique Nord Africaine !\t\t\t\t\t\t<\/div>\n\t\t\t\t\t\n\t\t\t\t\t\t\t\t\t\t\t<span class=\"elementor-flip-box__button elementor-button elementor-size-sm\">\n\t\t\t\t\t\t\tR\u00e9servez maintenant !\t\t\t\t\t\t<\/span>\n\t\t\t\t\t\t\t\t<\/div>\n\t\t<\/div>\n\t\t<\/a>\n\t\t<\/div>\n\t\t\t\t\t\t<\/div>\n\t\t\t\t<\/div>\n\t\t\t\t\t<\/div>\n\t\t<\/div>\n\t\t\t\t<div class=\"elementor-column elementor-col-33 elementor-inner-column elementor-element elementor-element-8ab1199\" data-id=\"8ab1199\" data-element_type=\"column\" data-settings=\"{&quot;background_background&quot;:&quot;classic&quot;}\">\n\t\t\t<div class=\"elementor-widget-wrap elementor-element-populated\">\n\t\t\t\t\t\t<div class=\"elementor-element elementor-element-bd10d12 elementor-flip-box--effect-slide elementor-flip-box--direction-up elementor-widget elementor-widget-flip-box\" data-id=\"bd10d12\" data-element_type=\"widget\" data-widget_type=\"flip-box.default\">\n\t\t\t\t<div class=\"elementor-widget-container\">\n\t\t\t\t\t\t\t<div class=\"elementor-flip-box\" tabindex=\"0\">\n\t\t\t<div class=\"elementor-flip-box__layer elementor-flip-box__front\">\n\t\t\t\t<div class=\"elementor-flip-box__layer__overlay\">\n\t\t\t\t\t<div class=\"elementor-flip-box__layer__inner\">\n\t\t\t\t\t\t\n\t\t\t\t\t\t\t\t\t\t\t\t\t<h3 class=\"elementor-flip-box__layer__title\">\n\t\t\t\t\t\t\t\tInscription visiteur\t\t\t\t\t\t\t<\/h3>\n\t\t\t\t\t\t\n\t\t\t\t\t\t\t\t\t\t\t<\/div>\n\t\t\t\t<\/div>\n\t\t\t<\/div>\n\t\t\t<a class=\"elementor-flip-box__layer elementor-flip-box__back\" href=\"https:\/\/www.maghrebpharma.com\/fr\/visiter\/manifestez-votre-interet\/\" target=\"_blank\">\n\t\t\t<div class=\"elementor-flip-box__layer__overlay\">\n\t\t\t\t<div class=\"elementor-flip-box__layer__inner\">\n\t\t\t\t\t\t\t\t\t\t\t<h3 class=\"elementor-flip-box__layer__title\">\n\t\t\t\t\t\t\tInscription visiteur\t\t\t\t\t\t<\/h3>\n\t\t\t\t\t\n\t\t\t\t\t\t\t\t\t\t\t<div class=\"elementor-flip-box__layer__description\">\n\t\t\t\t\t\t\tManifestez votre int\u00e9r\u00eat en replissant ce formulaire, vous recevrez un e-mail d\u00e9s que les inscriptions gratuites ouvriront !\t\t\t\t\t\t<\/div>\n\t\t\t\t\t\n\t\t\t\t\t\t\t\t\t\t\t<span class=\"elementor-flip-box__button elementor-button elementor-size-sm\">\n\t\t\t\t\t\t\tManifestez votre int\u00e9r\u00eat \t\t\t\t\t\t<\/span>\n\t\t\t\t\t\t\t\t<\/div>\n\t\t<\/div>\n\t\t<\/a>\n\t\t<\/div>\n\t\t\t\t\t\t<\/div>\n\t\t\t\t<\/div>\n\t\t\t\t\t<\/div>\n\t\t<\/div>\n\t\t\t\t\t<\/div>\n\t\t<\/section>\n\t\t\t\t\t<\/div>\n\t\t<\/div>\n\t\t\t\t\t<\/div>\n\t\t<\/section>\n\t\t\t\t<\/div>\n\t\t","protected":false},"excerpt":{"rendered":"<p>Nouvelles zones specialis\u00e9es sur MAGHREB PHARMA Expo Alors que l&rsquo;industrie pharmaceutique nord-africaine entre d\u00e9sormais dans une phase de croissance et acc\u00e9l\u00e8re ses volumes de production, n\u00e9cessitant plus de consommables, nous avons cr\u00e9\u00e9 des espaces sp\u00e9cialis\u00e9s o\u00f9 les visiteurs peuvent identifier plus facilement les exposants fournissant des ingr\u00e9dients pharmaceutiques et les entreprises. sp\u00e9cialis\u00e9e dans l&#8217;emballage. Nous [&hellip;]<\/p>\n","protected":false},"author":82,"featured_media":0,"parent":0,"menu_order":0,"comment_status":"closed","ping_status":"closed","template":"","meta":{"_seopress_robots_primary_cat":"","_seopress_titles_title":"Nouveaut\u00e9 sur MAGHREB PHARMA Expo I zones sp\u00e9cialis\u00e9es","_seopress_titles_desc":"INgredient I COSMEtech I PACKpharma I Venez d\u00e9couvrir les nouvelles zones sp\u00e9cialis\u00e9es sur MAGHREB PHARMA Expo 2023 !","_seopress_robots_index":"","footnotes":""},"class_list":["post-5588","page","type-page","status-publish","hentry"],"_links":{"self":[{"href":"https:\/\/www.maghrebpharma.com\/fr\/wp-json\/wp\/v2\/pages\/5588","targetHints":{"allow":["GET"]}}],"collection":[{"href":"https:\/\/www.maghrebpharma.com\/fr\/wp-json\/wp\/v2\/pages"}],"about":[{"href":"https:\/\/www.maghrebpharma.com\/fr\/wp-json\/wp\/v2\/types\/page"}],"author":[{"embeddable":true,"href":"https:\/\/www.maghrebpharma.com\/fr\/wp-json\/wp\/v2\/users\/82"}],"replies":[{"embeddable":true,"href":"https:\/\/www.maghrebpharma.com\/fr\/wp-json\/wp\/v2\/comments?post=5588"}],"version-history":[{"count":4,"href":"https:\/\/www.maghrebpharma.com\/fr\/wp-json\/wp\/v2\/pages\/5588\/revisions"}],"predecessor-version":[{"id":11208,"href":"https:\/\/www.maghrebpharma.com\/fr\/wp-json\/wp\/v2\/pages\/5588\/revisions\/11208"}],"wp:attachment":[{"href":"https:\/\/www.maghrebpharma.com\/fr\/wp-json\/wp\/v2\/media?parent=5588"}],"curies":[{"name":"wp","href":"https:\/\/api.w.org\/{rel}","templated":true}]}}