{"id":639,"date":"2019-12-03T12:25:30","date_gmt":"2019-12-03T11:25:30","guid":{"rendered":"https:\/\/www.maghrebpharma.com\/?page_id=639"},"modified":"2026-04-16T10:18:35","modified_gmt":"2026-04-16T09:18:35","slug":"visa","status":"publish","type":"page","link":"https:\/\/www.maghrebpharma.com\/fr\/infos-pratiques\/visa\/","title":{"rendered":"VISA"},"content":{"rendered":"\t\t<div data-elementor-type=\"wp-page\" data-elementor-id=\"639\" class=\"elementor elementor-639\" data-elementor-post-type=\"page\">\n\t\t\t\t\t\t<section class=\"elementor-section elementor-top-section elementor-element elementor-element-040b436 elementor-section-full_width elementor-section-stretched elementor-section-height-default elementor-section-height-default\" data-id=\"040b436\" data-element_type=\"section\" data-settings=\"{&quot;stretch_section&quot;:&quot;section-stretched&quot;,&quot;background_background&quot;:&quot;classic&quot;}\">\n\t\t\t\t\t\t\t<div class=\"elementor-background-overlay\"><\/div>\n\t\t\t\t\t\t\t<div class=\"elementor-container elementor-column-gap-default\">\n\t\t\t\t\t<div class=\"elementor-column elementor-col-100 elementor-top-column elementor-element elementor-element-50d4235\" data-id=\"50d4235\" data-element_type=\"column\">\n\t\t\t<div class=\"elementor-widget-wrap elementor-element-populated\">\n\t\t\t\t\t\t<section class=\"elementor-section elementor-inner-section elementor-element elementor-element-c8b6633 elementor-section-boxed elementor-section-height-default elementor-section-height-default\" data-id=\"c8b6633\" data-element_type=\"section\">\n\t\t\t\t\t\t<div class=\"elementor-container elementor-column-gap-default\">\n\t\t\t\t\t<div class=\"elementor-column elementor-col-100 elementor-inner-column elementor-element elementor-element-2b306f6\" data-id=\"2b306f6\" data-element_type=\"column\">\n\t\t\t<div class=\"elementor-widget-wrap elementor-element-populated\">\n\t\t\t\t\t\t<div class=\"elementor-element elementor-element-153b5fe elementor-widget elementor-widget-heading\" data-id=\"153b5fe\" data-element_type=\"widget\" data-widget_type=\"heading.default\">\n\t\t\t\t<div class=\"elementor-widget-container\">\n\t\t\t\t\t<h1 class=\"elementor-heading-title elementor-size-default\">Obtenir un VISA pour l'Alg\u00e9rie \u200b <\/h1>\t\t\t\t<\/div>\n\t\t\t\t<\/div>\n\t\t\t\t<div class=\"elementor-element elementor-element-ddf9e7c elementor-widget elementor-widget-text-editor\" data-id=\"ddf9e7c\" data-element_type=\"widget\" data-widget_type=\"text-editor.default\">\n\t\t\t\t<div class=\"elementor-widget-container\">\n\t\t\t\t\t\t\t\t\t<p>Vous aurez probablement besoin d&rsquo;un VISA pour voyager en Alg\u00e9rie (sauf marocains et tunisiens) et d&rsquo;une Lettre d&rsquo;Invitation de notre part.\u00a0Cette Lettre d&rsquo;Invitation sera \u00e0 joindre \u00e0 votre dossier de demande de VISA. Attention nous ne garantissons jamais l&rsquo;octroi du VISA qui est une d\u00e9cision souveraine des autorit\u00e9s consulaires alg\u00e9riennes. La proc\u00e9dure prend 1 \u00e0 3 semaines (parfois quelques jours \/ demander au consulat) et vous devrez laisser votre passeport au consulat jusqu&rsquo;\u00e0 l&rsquo;obtention du VISA.<\/p>\t\t\t\t\t\t\t\t<\/div>\n\t\t\t\t<\/div>\n\t\t\t\t\t<\/div>\n\t\t<\/div>\n\t\t\t\t\t<\/div>\n\t\t<\/section>\n\t\t\t\t\t<\/div>\n\t\t<\/div>\n\t\t\t\t\t<\/div>\n\t\t<\/section>\n\t\t\t\t<section class=\"elementor-section elementor-top-section elementor-element elementor-element-52ea636f elementor-section-stretched elementor-section-boxed elementor-section-height-default elementor-section-height-default\" data-id=\"52ea636f\" data-element_type=\"section\" data-settings=\"{&quot;stretch_section&quot;:&quot;section-stretched&quot;,&quot;background_background&quot;:&quot;classic&quot;}\">\n\t\t\t\t\t\t<div class=\"elementor-container elementor-column-gap-default\">\n\t\t\t\t\t<div class=\"elementor-column elementor-col-50 elementor-top-column elementor-element elementor-element-58043bc2\" data-id=\"58043bc2\" data-element_type=\"column\" data-settings=\"{&quot;background_background&quot;:&quot;classic&quot;}\">\n\t\t\t<div class=\"elementor-widget-wrap elementor-element-populated\">\n\t\t\t\t\t\t<div class=\"elementor-element elementor-element-a4d9f31 elementor-widget elementor-widget-spacer\" data-id=\"a4d9f31\" data-element_type=\"widget\" data-widget_type=\"spacer.default\">\n\t\t\t\t<div class=\"elementor-widget-container\">\n\t\t\t\t\t\t\t<div class=\"elementor-spacer\">\n\t\t\t<div class=\"elementor-spacer-inner\"><\/div>\n\t\t<\/div>\n\t\t\t\t\t\t<\/div>\n\t\t\t\t<\/div>\n\t\t\t\t\t<\/div>\n\t\t<\/div>\n\t\t\t\t<div class=\"elementor-column elementor-col-50 elementor-top-column elementor-element elementor-element-566b625b\" data-id=\"566b625b\" data-element_type=\"column\" data-settings=\"{&quot;background_background&quot;:&quot;classic&quot;}\">\n\t\t\t<div class=\"elementor-widget-wrap elementor-element-populated\">\n\t\t\t\t\t\t<div class=\"elementor-element elementor-element-394f3f89 elementor-widget elementor-widget-text-editor\" data-id=\"394f3f89\" data-element_type=\"widget\" data-widget_type=\"text-editor.default\">\n\t\t\t\t<div class=\"elementor-widget-container\">\n\t\t\t\t\t\t\t\t\t<p><b>Nous ne fournissons des Lettres d&rsquo;Invitation que pour nos Exposants (sans exception) et les visiteurs des pays ci-dessous et \u00e0 condition de travailler pour une entreprise qui est un producteur de m\u00e9dicament&nbsp;<\/b>(les personnes qui sont producteurs d&rsquo;intrants, \u00e9quipements, ingr\u00e9dients etc&#8230;doivent r\u00e9server un stand pour b\u00e9n\u00e9ficier de notre support logistique) :&nbsp;<\/p>\n<b>\n<ul><li><b>EU \/ USA<\/b><\/li>\n<li><b>Pays du Golfe<\/b><\/li>\n<li><b>Liban \/ Jordanie \/ Egypte<\/b><\/li>\n<li><b>Afrique de l&rsquo;Ouest<\/b><\/li>\n<li><b>Ethiopie<\/b><\/li>\n<li><b>Soudan<\/b><\/li>\n<li><b>Libye<\/b><\/li>\n<\/ul>\n<\/b><p><b><\/b><b><\/b><\/p>\n<p><b>Pour demander votre lettre d&rsquo;invitation VISA, veuillez&nbsp;<\/b><a href=\"mailto:contact@maghrebpharma.com\" target=\"_blank\" rel=\"noopener\"><b>CLIQUER ICI<\/b><\/a><\/p>\t\t\t\t\t\t\t\t<\/div>\n\t\t\t\t<\/div>\n\t\t\t\t<div class=\"elementor-element elementor-element-15a9e3ae elementor-align-left elementor-widget elementor-widget-dynamic-button\" data-id=\"15a9e3ae\" data-element_type=\"widget\" data-widget_type=\"dynamic-button.default\">\n\t\t\t\t<div class=\"elementor-widget-container\">\n\t\t\t\t\t        <div class=\"elementor-button-wrapper\">\n            <a href=\"https:\/\/register.visitcloud.com\/survey\/04tjc8cpck6ke\" target=\"_blank\" class=\"elementor-button-link elementor-button elementor-size-md elementor-animation-grow\" role=\"button\">\n                        <span class=\"elementor-button-content-wrapper\">\n\t\t\t\t\t\t<span class=\"elementor-button-text\">Manifestez Votre Int\u00e9r\u00eat<\/span>\n\t\t<\/span>\n                    <\/a>\n        <\/div>\n        \t\t\t\t<\/div>\n\t\t\t\t<\/div>\n\t\t\t\t\t<\/div>\n\t\t<\/div>\n\t\t\t\t\t<\/div>\n\t\t<\/section>\n\t\t\t\t<\/div>\n\t\t","protected":false},"excerpt":{"rendered":"<p>Obtenir un VISA pour l&rsquo;Alg\u00e9rie \u200b Vous aurez probablement besoin d&rsquo;un VISA pour voyager en Alg\u00e9rie (sauf marocains et tunisiens) et d&rsquo;une Lettre d&rsquo;Invitation de notre part.\u00a0Cette Lettre d&rsquo;Invitation sera \u00e0 joindre \u00e0 votre dossier de demande de VISA. Attention nous ne garantissons jamais l&rsquo;octroi du VISA qui est une d\u00e9cision souveraine des autorit\u00e9s consulaires [&hellip;]<\/p>\n","protected":false},"author":354,"featured_media":0,"parent":613,"menu_order":100,"comment_status":"closed","ping_status":"closed","template":"","meta":{"_seopress_robots_primary_cat":"","_seopress_titles_title":"Obtenez un visa pour assister \u00e0 MAGHREB PHARMA Expo!","_seopress_titles_desc":"Demandez votre invitation afin obtenir un VISA pour assister \u00e0 MAGHREB PHARMA Expo !","_seopress_robots_index":"","footnotes":""},"class_list":["post-639","page","type-page","status-publish","hentry"],"_links":{"self":[{"href":"https:\/\/www.maghrebpharma.com\/fr\/wp-json\/wp\/v2\/pages\/639","targetHints":{"allow":["GET"]}}],"collection":[{"href":"https:\/\/www.maghrebpharma.com\/fr\/wp-json\/wp\/v2\/pages"}],"about":[{"href":"https:\/\/www.maghrebpharma.com\/fr\/wp-json\/wp\/v2\/types\/page"}],"author":[{"embeddable":true,"href":"https:\/\/www.maghrebpharma.com\/fr\/wp-json\/wp\/v2\/users\/354"}],"replies":[{"embeddable":true,"href":"https:\/\/www.maghrebpharma.com\/fr\/wp-json\/wp\/v2\/comments?post=639"}],"version-history":[{"count":5,"href":"https:\/\/www.maghrebpharma.com\/fr\/wp-json\/wp\/v2\/pages\/639\/revisions"}],"predecessor-version":[{"id":76031,"href":"https:\/\/www.maghrebpharma.com\/fr\/wp-json\/wp\/v2\/pages\/639\/revisions\/76031"}],"up":[{"embeddable":true,"href":"https:\/\/www.maghrebpharma.com\/fr\/wp-json\/wp\/v2\/pages\/613"}],"wp:attachment":[{"href":"https:\/\/www.maghrebpharma.com\/fr\/wp-json\/wp\/v2\/media?parent=639"}],"curies":[{"name":"wp","href":"https:\/\/api.w.org\/{rel}","templated":true}]}}